{"id":8017,"date":"2022-08-04T15:40:09","date_gmt":"2022-08-04T13:40:09","guid":{"rendered":"https:\/\/www.mts-italy.com\/note-legali\/"},"modified":"2022-12-30T14:52:52","modified_gmt":"2022-12-30T13:52:52","slug":"uwagi-prawne","status":"publish","type":"page","link":"https:\/\/www.mts-italy.com\/pl\/uwagi-prawne\/","title":{"rendered":"Uwagi prawne"},"content":{"rendered":"<div class=\"fusion-fullwidth fullwidth-box fusion-builder-row-1 fusion-flex-container nonhundred-percent-fullwidth non-hundred-percent-height-scrolling\" style=\"--awb-border-radius-top-left:0px;--awb-border-radius-top-right:0px;--awb-border-radius-bottom-right:0px;--awb-border-radius-bottom-left:0px;--awb-flex-wrap:wrap;\" ><div class=\"fusion-builder-row fusion-row fusion-flex-align-items-flex-start fusion-flex-content-wrap\" style=\"max-width:1216.8px;margin-left: calc(-4% \/ 2 );margin-right: calc(-4% \/ 2 );\"><div class=\"fusion-layout-column fusion_builder_column fusion-builder-column-0 fusion_builder_column_1_1 1_1 fusion-flex-column\" style=\"--awb-bg-size:cover;--awb-width-large:100%;--awb-margin-top-large:0px;--awb-spacing-right-large:1.92%;--awb-margin-bottom-large:20px;--awb-spacing-left-large:1.92%;--awb-width-medium:100%;--awb-order-medium:0;--awb-spacing-right-medium:1.92%;--awb-spacing-left-medium:1.92%;--awb-width-small:100%;--awb-order-small:0;--awb-spacing-right-small:1.92%;--awb-spacing-left-small:1.92%;\"><div class=\"fusion-column-wrapper fusion-column-has-shadow fusion-flex-justify-content-flex-start fusion-content-layout-column\"><div class=\"fusion-title title fusion-title-1 fusion-title-text fusion-title-size-one\"><div class=\"title-sep-container title-sep-container-left fusion-no-large-visibility fusion-no-medium-visibility fusion-no-small-visibility\"><div class=\"title-sep sep- sep-solid\" style=\"border-color:var(--awb-color3);\"><\/div><\/div><span class=\"awb-title-spacer fusion-no-large-visibility fusion-no-medium-visibility fusion-no-small-visibility\"><\/span><h1 class=\"fusion-title-heading title-heading-left fusion-responsive-typography-calculated\" style=\"margin:0;text-transform:capitalize;--fontSize:40;line-height:1.2;\">UWAGI PRAWNE<\/h1><span class=\"awb-title-spacer\"><\/span><div class=\"title-sep-container title-sep-container-right\"><div class=\"title-sep sep- sep-solid\" style=\"border-color:var(--awb-color3);\"><\/div><\/div><\/div><div class=\"fusion-text fusion-text-1\"><p><strong>M.T.S. Srl<\/strong><\/p>\n<p>Via Alessandro Volta, 5 25050 Provaglio d\u2019Iseo (BS) \u2013 W\u0142ochy<\/p>\n<p>Wpis do rejestru handlowego sp\u00f3\u0142ki BRESCIA n\u00b0 337401<\/p>\n<p>W pe\u0142ni op\u0142acony kapita\u0142 zak\u0142adowy \u20ac 113.477,36 \u20ac i.v.<\/p>\n<p><strong>Regulamin<\/strong><\/p>\n<p>Poni\u017csze warunki dotycz\u0105 w\u0142oskiej strony <a href=\"https:\/\/www.mts-italy.com\/\">www.mts-italy.com<\/a>. Uzyskanie dost\u0119pu i przegl\u0105danie strony oznacza akceptacj\u0119 tych warunk\u00f3w.<\/p>\n<p>Tre\u015b\u0107 niniejszej strony internetowej jest chroniona prawem autorskim i \u017cadna jej cz\u0119\u015b\u0107 nie mo\u017ce by\u0107 powielana w jakiejkolwiek formie, ani wykorzystywana do innych cel\u00f3w, chyba \u017ce za wyra\u017an\u0105 pisemn\u0105 zgod\u0105 M.T.S. Srl.<\/p>\n<p>Mo\u017cesz wydrukowa\u0107 lub pobra\u0107 tekst wy\u015bwietlany na stronie dla osobistych, niekomercyjnych cel\u00f3w, w tym, ale nie tylko, struktur\u0119, arkusze styl\u00f3w i kod programu.<\/p>\n<p>M.T.S. Srl zrzeka si\u0119 wszelkiej odpowiedzialno\u015bci za b\u0142\u0119dy i pomini\u0119cia na stronie <a href=\"https:\/\/www.mts-italy.com\/\">www.mts-italy.com<\/a>. Projekt, specyfikacje i ceny mog\u0105 ulec zmianie bez powiadomienia.<\/p>\n<\/div><\/div><\/div><\/div><\/div>\n","protected":false},"excerpt":{"rendered":"","protected":false},"author":2,"featured_media":0,"parent":0,"menu_order":0,"comment_status":"closed","ping_status":"closed","template":"","meta":{"_acf_changed":false,"_monsterinsights_skip_tracking":false,"_monsterinsights_sitenote_active":false,"_monsterinsights_sitenote_note":"","_monsterinsights_sitenote_category":0,"footnotes":""},"class_list":["post-8017","page","type-page","status-publish","hentry"],"acf":[],"yoast_head":"<!-- This site is optimized with the Yoast SEO plugin v23.1 - https:\/\/yoast.com\/wordpress\/plugins\/seo\/ -->\n<title>Uwagi prawne - MTS Italy<\/title>\n<meta name=\"robots\" content=\"index, follow, max-snippet:-1, max-image-preview:large, max-video-preview:-1\" \/>\n<link rel=\"canonical\" href=\"https:\/\/www.mts-italy.com\/pl\/uwagi-prawne\/\" \/>\n<meta property=\"og:locale\" content=\"pl_PL\" \/>\n<meta property=\"og:type\" content=\"article\" \/>\n<meta property=\"og:title\" content=\"Uwagi prawne - MTS Italy\" \/>\n<meta property=\"og:url\" content=\"https:\/\/www.mts-italy.com\/pl\/uwagi-prawne\/\" \/>\n<meta property=\"og:site_name\" content=\"MTS Italy\" \/>\n<meta property=\"article:modified_time\" content=\"2022-12-30T13:52:52+00:00\" \/>\n<meta name=\"twitter:card\" content=\"summary_large_image\" \/>\n<meta name=\"twitter:label1\" content=\"Szacowany czas czytania\" \/>\n\t<meta name=\"twitter:data1\" content=\"3 minuty\" \/>\n<script type=\"application\/ld+json\" class=\"yoast-schema-graph\">{\"@context\":\"https:\/\/schema.org\",\"@graph\":[{\"@type\":\"WebPage\",\"@id\":\"https:\/\/www.mts-italy.com\/pl\/uwagi-prawne\/\",\"url\":\"https:\/\/www.mts-italy.com\/pl\/uwagi-prawne\/\",\"name\":\"Uwagi prawne - MTS Italy\",\"isPartOf\":{\"@id\":\"https:\/\/mtsitaly.kinsta.cloud\/#website\"},\"datePublished\":\"2022-08-04T13:40:09+00:00\",\"dateModified\":\"2022-12-30T13:52:52+00:00\",\"breadcrumb\":{\"@id\":\"https:\/\/www.mts-italy.com\/pl\/uwagi-prawne\/#breadcrumb\"},\"inLanguage\":\"pl-PL\",\"potentialAction\":[{\"@type\":\"ReadAction\",\"target\":[\"https:\/\/www.mts-italy.com\/pl\/uwagi-prawne\/\"]}]},{\"@type\":\"BreadcrumbList\",\"@id\":\"https:\/\/www.mts-italy.com\/pl\/uwagi-prawne\/#breadcrumb\",\"itemListElement\":[{\"@type\":\"ListItem\",\"position\":1,\"name\":\"Home\",\"item\":\"https:\/\/www.mts-italy.com\/pl\/\"},{\"@type\":\"ListItem\",\"position\":2,\"name\":\"Uwagi prawne\"}]},{\"@type\":\"WebSite\",\"@id\":\"https:\/\/mtsitaly.kinsta.cloud\/#website\",\"url\":\"https:\/\/mtsitaly.kinsta.cloud\/\",\"name\":\"MTS Italy\",\"description\":\"Realizzazione macchine per la lavorazione del tubo\",\"potentialAction\":[{\"@type\":\"SearchAction\",\"target\":{\"@type\":\"EntryPoint\",\"urlTemplate\":\"https:\/\/mtsitaly.kinsta.cloud\/?s={search_term_string}\"},\"query-input\":\"required name=search_term_string\"}],\"inLanguage\":\"pl-PL\"}]}<\/script>\n<!-- \/ Yoast SEO plugin. -->","yoast_head_json":{"title":"Uwagi prawne - MTS Italy","robots":{"index":"index","follow":"follow","max-snippet":"max-snippet:-1","max-image-preview":"max-image-preview:large","max-video-preview":"max-video-preview:-1"},"canonical":"https:\/\/www.mts-italy.com\/pl\/uwagi-prawne\/","og_locale":"pl_PL","og_type":"article","og_title":"Uwagi prawne - MTS Italy","og_url":"https:\/\/www.mts-italy.com\/pl\/uwagi-prawne\/","og_site_name":"MTS Italy","article_modified_time":"2022-12-30T13:52:52+00:00","twitter_card":"summary_large_image","twitter_misc":{"Szacowany czas czytania":"3 minuty"},"schema":{"@context":"https:\/\/schema.org","@graph":[{"@type":"WebPage","@id":"https:\/\/www.mts-italy.com\/pl\/uwagi-prawne\/","url":"https:\/\/www.mts-italy.com\/pl\/uwagi-prawne\/","name":"Uwagi prawne - MTS Italy","isPartOf":{"@id":"https:\/\/mtsitaly.kinsta.cloud\/#website"},"datePublished":"2022-08-04T13:40:09+00:00","dateModified":"2022-12-30T13:52:52+00:00","breadcrumb":{"@id":"https:\/\/www.mts-italy.com\/pl\/uwagi-prawne\/#breadcrumb"},"inLanguage":"pl-PL","potentialAction":[{"@type":"ReadAction","target":["https:\/\/www.mts-italy.com\/pl\/uwagi-prawne\/"]}]},{"@type":"BreadcrumbList","@id":"https:\/\/www.mts-italy.com\/pl\/uwagi-prawne\/#breadcrumb","itemListElement":[{"@type":"ListItem","position":1,"name":"Home","item":"https:\/\/www.mts-italy.com\/pl\/"},{"@type":"ListItem","position":2,"name":"Uwagi prawne"}]},{"@type":"WebSite","@id":"https:\/\/mtsitaly.kinsta.cloud\/#website","url":"https:\/\/mtsitaly.kinsta.cloud\/","name":"MTS Italy","description":"Realizzazione macchine per la lavorazione del tubo","potentialAction":[{"@type":"SearchAction","target":{"@type":"EntryPoint","urlTemplate":"https:\/\/mtsitaly.kinsta.cloud\/?s={search_term_string}"},"query-input":"required name=search_term_string"}],"inLanguage":"pl-PL"}]}},"publishpress_future_action":{"enabled":false,"date":"2026-05-13 15:08:32","action":"change-status","newStatus":"draft","terms":[],"taxonomy":"translation_priority"},"_links":{"self":[{"href":"https:\/\/www.mts-italy.com\/pl\/wp-json\/wp\/v2\/pages\/8017"}],"collection":[{"href":"https:\/\/www.mts-italy.com\/pl\/wp-json\/wp\/v2\/pages"}],"about":[{"href":"https:\/\/www.mts-italy.com\/pl\/wp-json\/wp\/v2\/types\/page"}],"author":[{"embeddable":true,"href":"https:\/\/www.mts-italy.com\/pl\/wp-json\/wp\/v2\/users\/2"}],"replies":[{"embeddable":true,"href":"https:\/\/www.mts-italy.com\/pl\/wp-json\/wp\/v2\/comments?post=8017"}],"version-history":[{"count":2,"href":"https:\/\/www.mts-italy.com\/pl\/wp-json\/wp\/v2\/pages\/8017\/revisions"}],"predecessor-version":[{"id":8023,"href":"https:\/\/www.mts-italy.com\/pl\/wp-json\/wp\/v2\/pages\/8017\/revisions\/8023"}],"wp:attachment":[{"href":"https:\/\/www.mts-italy.com\/pl\/wp-json\/wp\/v2\/media?parent=8017"}],"curies":[{"name":"wp","href":"https:\/\/api.w.org\/{rel}","templated":true}]}}