{"id":8016,"date":"2022-08-04T15:58:51","date_gmt":"2022-08-04T13:58:51","guid":{"rendered":"https:\/\/www.mts-italy.com\/privacy\/"},"modified":"2022-12-30T16:25:56","modified_gmt":"2022-12-30T15:25:56","slug":"privacy","status":"publish","type":"page","link":"https:\/\/www.mts-italy.com\/pl\/privacy\/","title":{"rendered":"Privacy"},"content":{"rendered":"<div class=\"fusion-fullwidth fullwidth-box fusion-builder-row-1 fusion-flex-container nonhundred-percent-fullwidth non-hundred-percent-height-scrolling\" style=\"--awb-border-radius-top-left:0px;--awb-border-radius-top-right:0px;--awb-border-radius-bottom-right:0px;--awb-border-radius-bottom-left:0px;--awb-flex-wrap:wrap;\" ><div class=\"fusion-builder-row fusion-row fusion-flex-align-items-flex-start fusion-flex-content-wrap\" style=\"max-width:1216.8px;margin-left: calc(-4% \/ 2 );margin-right: calc(-4% \/ 2 );\"><div class=\"fusion-layout-column fusion_builder_column fusion-builder-column-0 fusion_builder_column_1_1 1_1 fusion-flex-column\" style=\"--awb-bg-size:cover;--awb-width-large:100%;--awb-margin-top-large:0px;--awb-spacing-right-large:1.92%;--awb-margin-bottom-large:20px;--awb-spacing-left-large:1.92%;--awb-width-medium:100%;--awb-order-medium:0;--awb-spacing-right-medium:1.92%;--awb-spacing-left-medium:1.92%;--awb-width-small:100%;--awb-order-small:0;--awb-spacing-right-small:1.92%;--awb-spacing-left-small:1.92%;\"><div class=\"fusion-column-wrapper fusion-column-has-shadow fusion-flex-justify-content-flex-start fusion-content-layout-column\"><div class=\"fusion-title title fusion-title-1 fusion-title-text fusion-title-size-one\"><div class=\"title-sep-container title-sep-container-left fusion-no-large-visibility fusion-no-medium-visibility fusion-no-small-visibility\"><div class=\"title-sep sep- sep-solid\" style=\"border-color:var(--awb-color3);\"><\/div><\/div><span class=\"awb-title-spacer fusion-no-large-visibility fusion-no-medium-visibility fusion-no-small-visibility\"><\/span><h1 class=\"fusion-title-heading title-heading-left fusion-responsive-typography-calculated\" style=\"margin:0;text-transform:capitalize;--fontSize:40;line-height:1.2;\">Privacy<\/h1><span class=\"awb-title-spacer\"><\/span><div class=\"title-sep-container title-sep-container-right\"><div class=\"title-sep sep- sep-solid\" style=\"border-color:var(--awb-color3);\"><\/div><\/div><\/div><div class=\"fusion-text fusion-text-1\"><h3><strong>Informacja i wniosek o wyra\u017cenie zgody na przetwarzanie danych osobowych na podstawie art. 6 ust. 1A rozporz\u0105dzenia (UE) 2016\/679<\/strong><\/h3>\n<p>Wype\u0142niaj\u0105c obowi\u0105zki okre\u015blone w Rozporz\u0105dzeniu (UE) 2016\/679 w sprawie przetwarzania danych osobowych obowi\u0105zuj\u0105ce od 25 maja 2018 roku, informujemy, \u017ce firma <b>M.T.S. Srl\u00a0<\/b>z siedzib\u0105 w <strong>Via Alessandro Volta, 5 25030 Provaglio d&#8217;Iseo (BS) Italia <\/strong>(zwana dalej &#8222;Sp\u00f3\u0142k\u0105&#8221;) b\u0119dzie przetwarza\u0107 dane osobowe dotycz\u0105ce Pa\u0144stwa, kt\u00f3re zosta\u0142y lub zostan\u0105 nam przekazane przez Pa\u0144stwa lub inne osoby. Przetwarzanie danych osobowych odbywa\u0107 si\u0119 b\u0119dzie zgodnie z obowi\u0105zuj\u0105cymi przepisami i na nast\u0119puj\u0105cych warunkach.<\/p>\n<h3>Cel przetwarzania danych<\/h3>\n<p>Przetwarzanie danych osobowych ma na celu wy\u0142\u0105cznie realizacj\u0119 nast\u0119puj\u0105cych cel\u00f3w<\/p>\n<p>a) w zakresie wymog\u00f3w wst\u0119pnych do zawierania um\u00f3w sprzeda\u017cy, ich realizacji oraz ochrony pozycji wierzycieli i ich pochodnych<br \/>b) w celu wype\u0142nienia wszelkiego rodzaju zobowi\u0105za\u0144 przewidzianych przez obowi\u0105zuj\u0105ce ustawy lub przepisy, w szczeg\u00f3lno\u015bci w sprawach podatkowych<br \/>c) dla wymog\u00f3w operacyjnych, zarz\u0105dzania i rachunkowo\u015bci;<br \/>d) w celu rejestracji dost\u0119pu do strony internetowej Sp\u00f3\u0142ki i korzystania z us\u0142ug \u015bwiadczonych za po\u015brednictwem tej strony<br \/>e) w przypadku wymaga\u0144 dotycz\u0105cych monitorowania post\u0119p\u00f3w w relacjach z klientami i\/lub zwi\u0105zanego z nimi ryzyka oraz poprawy tych relacji<br \/>f) w celach handlowych oraz marketingu strategicznego i operacyjnego.<\/p>\n<h3>Sposoby przetwarzania<\/h3>\n<p>Przetwarzanie danych mo\u017ce polega\u0107, opr\u00f3cz ich zbierania, na ich utrwalaniu, organizowaniu, porz\u0105dkowaniu, przechowywaniu, dostosowywaniu, modyfikowaniu, pobieraniu, przegl\u0105daniu, wykorzystywaniu, przekazywaniu w drodze transmisji, rozpowszechnianiu lub innej formie udost\u0119pniania, por\u00f3wnywaniu lub \u0142\u0105czeniu, ograniczaniu usuni\u0119cie lub zniszczenie i b\u0119dzie dokonywane zar\u00f3wno przy u\u017cyciu papieru, jak i elektronicznych narz\u0119dzi informatycznych i telematycznych, w spos\u00f3b i przy u\u017cyciu instrument\u00f3w odpowiednich do zagwarantowania bezpiecze\u0144stwa i poufno\u015bci samych danych, zgodnie z przepisami art. 32 i nast\u0119pnych rozporz\u0105dzenia (UE) 2016\/679 w sprawie &#8222;bezpiecze\u0144stwa danych osobowych&#8221;.<\/p>\n<p>W szczeg\u00f3lno\u015bci przyj\u0119te zostan\u0105 wszelkie techniczne, informatyczne, organizacyjne, logistyczne i proceduralne \u015brodki bezpiecze\u0144stwa odpowiednie do poziomu ryzyka w zale\u017cno\u015bci od charakteru danych.<\/p>\n<p>Ponadto stosowane metodologie gwarantuj\u0105, \u017ce dost\u0119p do danych maj\u0105 wy\u0142\u0105cznie osoby, kt\u00f3rym nasza Sp\u00f3\u0142ka powierzy\u0142a ich przetwarzanie.<\/p>\n<h3><strong> Przekazanie danych<\/strong><\/h3>\n<p>Udost\u0119pnienie danych to:<\/p>\n<ol>\n<li>Obowi\u0105zkowe dla osi\u0105gni\u0119cia cel\u00f3w zwi\u0105zanych z obowi\u0105zkami przewidzianymi przez ustawy lub inne obowi\u0105zuj\u0105ce przepisy;<\/li>\n<li>Niezb\u0119dne do prawid\u0142owego nawi\u0105zania i kontynuowania relacji z Pa\u0144stwem.<\/li>\n<\/ol>\n<p>Odmowa podania wy\u017cej wymienionych danych, cho\u0107 z pewno\u015bci\u0105 uzasadniona, mo\u017ce zagrozi\u0107 prawid\u0142owemu przebiegowi relacji z nasz\u0105 Firm\u0105, a w szczeg\u00f3lno\u015bci uniemo\u017cliwi\u0107 nam realizacj\u0119 Pa\u0144stwa\/naszych zam\u00f3wie\u0144, jak r\u00f3wnie\u017c wykonanie \u017c\u0105danych us\u0142ug i zwi\u0105zanego z nimi fakturowania.<\/p>\n<h3><strong> Komunikacja i rozpowszechnianie danych<\/strong><\/h3>\n<p>Przekazywanie na zewn\u0105trz danych osobowych zgromadzonych w celach okre\u015blonych w pkt 1 mo\u017ce mie\u0107 miejsce wy\u0142\u0105cznie w przypadku, gdy<\/p>\n<ol>\n<li>takie powiadomienie jest obowi\u0105zkowe w celu zapewnienia wype\u0142nienia obowi\u0105zk\u00f3w przewidzianych przez prawo lub inne wi\u0105\u017c\u0105ce przepisy<\/li>\n<li>taka komunikacja jest obowi\u0105zkowa dla zapewnienia prawid\u0142owego nawi\u0105zania lub kontynuacji relacji biznesowych z Pa\u0144stwem.<\/li>\n<\/ol>\n<p>Dane osobowe zgromadzone w celu osi\u0105gni\u0119cia wy\u017cej wymienionych cel\u00f3w mog\u0105 by\u0107 przekazywane, w zakresie ich szczeg\u00f3lnych kompetencji, podmiotom publicznym i prywatnym, osobom fizycznym i\/lub prawnym i maj\u0105cym cele handlowe i\/lub zarz\u0105dzaj\u0105cym systemami informacyjnymi i\/lub p\u0142atniczymi, w tym zewn\u0119trznym procesorom danych i podprocesorom, kt\u00f3rzy wykonuj\u0105 okre\u015blone zadania w imieniu naszej Firmy.<\/p>\n<p>W szczeg\u00f3lno\u015bci dane te mog\u0105 by\u0107 przekazywane nast\u0119puj\u0105cym kategoriom podmiot\u00f3w: sie\u0107 sprzeda\u017cy, instytucje bankowe i firmy specjalizuj\u0105ce si\u0119 w zarz\u0105dzaniu p\u0142atno\u015bciami, firmy prawnicze i konsultingowe, podmioty, kt\u00f3rym powierzono badanie sprawozda\u0144 finansowych naszej firmy, organy publiczne lub administracje zajmuj\u0105ce si\u0119 przestrzeganiem prawa, dostawcy w\u0142oscy i zagraniczni, firmy finansuj\u0105ce i transportowe, osoby trzecie, kt\u00f3rym powierzono kontrol\u0119 jako\u015bci przep\u0142ywu logistyczno-handlowego, a tak\u017ce inne firmy nale\u017c\u0105ce do naszej Grupy.<\/p>\n<p>Dane mog\u0105 by\u0107 r\u00f3wnie\u017c ujawniane, ale tylko w formie zbiorczej, anonimowej i w celach statystycznych zgodnie z przepisami prawa.<\/p>\n<h3><strong> Przekazywanie danych za granic\u0119<\/strong><\/h3>\n<p>W zakresie \u015bci\u015ble niezb\u0119dnym do realizacji bie\u017c\u0105cych stosunk\u00f3w umownych z Pa\u0144stwem, Pa\u0144stwa dane osobowe mog\u0105 by\u0107 ujawniane osobom trzecim (takim jak dostawcy) zlokalizowanym za granic\u0105, na terenie Unii Europejskiej lub poza ni\u0105, zawsze zgodnie z zasadami zawartymi w art. 44-50 rozporz\u0105dzenia (UE) 2016\/679.<\/p>\n<h3><strong> Prawa osoby, kt\u00f3rej dotycz\u0105 dane<\/strong><\/h3>\n<p>Zgodnie z art. 12 i15-22 Rozporz\u0105dzenia (UE) 2016\/679, ma\/ma Pan\/Pani prawo \u017c\u0105da\u0107, z zastrze\u017ceniem wymog\u00f3w i w granicach w\/w Rozporz\u0105dzenia, aby:<\/p>\n<ol>\n<li>Dost\u0119p do danych osobowych<\/li>\n<li>Sprostowanie nie\u015bcis\u0142ych danych osobowych<\/li>\n<li>Usuni\u0119cie danych osobowych<\/li>\n<li>Ograniczenie przetwarzania danych osobowych<\/li>\n<li>Bycie powiadomionym w przypadku sprostowania, usuni\u0119cia lub ograniczenia danych osobowych<\/li>\n<li>Mo\u017cliwo\u015b\u0107 przenoszenia danych osobowych<\/li>\n<li>Sprzeciw wobec przetwarzania danych osobowych<\/li>\n<li>W odniesieniu do zautomatyzowanych proces\u00f3w podejmowania decyzji (w tym profilowania):<\/li>\n<li>a) Uzyskanie interwencji cz\u0142owieka od kontrolera.<\/li>\n<li>b) Wyra\u017canie opinii<\/li>\n<li>c) Zaskar\u017cy\u0107 decyzj\u0119.<\/li>\n<\/ol>\n<h3><strong> Administrator danych i podmiot przetwarzaj\u0105cy dane<\/strong><\/h3>\n<p>Potwierdzamy r\u00f3wnie\u017c, \u017ce administratorem danych jest ni\u017cej podpisana firma, w osobie jej przedstawiciela prawnego pro tempore, z siedzib\u0105 w <b>Via Alessandro Volta, 5 25050 Provaglio d&#8217;Iseo (BS), Italia.<\/b><\/p>\n<p>Osob\u0105 odpowiedzialn\u0105 za przetwarzanie danych dotycz\u0105cych Pani\/Pana, zamieszka\u0142\u0105 dla tego zadania w siedzibie Sp\u00f3\u0142ki, jest Kierownik Dzia\u0142u Us\u0142ug Informatycznych, z kt\u00f3rym mo\u017cna si\u0119 skontaktowa\u0107 za po\u015brednictwem poczty elektronicznej: <a href=\"mailto:info@mts-italy.com\">info@mts-italy.com<\/a><\/p>\n<h3><strong>Jak Google wykorzystuje dane<\/strong><\/h3>\n<p>Pragniemy r\u00f3wnie\u017c poinformowa\u0107, \u017ce ta strona internetowa wykorzystuje technologie Google w celu poprawy ich zawarto\u015bci i dalszego oferowania ich bezp\u0142atnie. Wi\u0119cej informacji dost\u0119pnych jest pod poni\u017cszym linkiem: <a href=\"https:\/\/policies.google.com\/privacy\/partners?hl=it\" target=\"_blank\" rel=\"noopener\">https:\/\/policies.google.com\/privacy\/partners?hl=it<\/a><\/p>\n<h3><strong>Zgoda na przetwarzanie danych<\/strong><\/h3>\n<p>Na koniec informujemy, \u017ce wyra\u017cenie zgody na przetwarzanie danych osobowych w spos\u00f3b i w celach opisanych powy\u017cej jest dobrowolne. W przypadku odmowy wyra\u017cenia przez Pa\u0144stwa zgody, nasza Sp\u00f3\u0142ka nie b\u0119dzie mog\u0142a przetwarza\u0107 Pa\u0144stwa danych osobowych, a jedynie wykorzystywa\u0107 je zgodnie z obowi\u0105zkami przewidzianymi przez prawo lub inne obowi\u0105zuj\u0105ce przepisy, z ewentualnymi konsekwencjami opisanymi w punkcie 3 powy\u017cej.<\/p>\n<p>Jak wiadomo, rozporz\u0105dzenie (UE) 2016\/679 stanowi, \u017ce przetwarzanie danych osobowych odbywa si\u0119 za zgod\u0105 osoby, kt\u00f3rej dane dotycz\u0105, poza przypadkami wy\u0142\u0105czenia wskazanymi wyra\u017anie przez sam\u0105 ustaw\u0119. Z tego powodu zapraszamy do wype\u0142nienia elektronicznego formularza wniosku o zgod\u0119 jako potwierdzenia otrzymania informacji zawartych w niniejszym li\u015bcie informacyjnym, a tak\u017ce jako wyra\u017cenia zgody na przetwarzanie danych osobowych.<\/p>\n<\/div><\/div><\/div><\/div><\/div>\n","protected":false},"excerpt":{"rendered":"","protected":false},"author":2,"featured_media":0,"parent":0,"menu_order":0,"comment_status":"closed","ping_status":"closed","template":"","meta":{"_acf_changed":false,"_monsterinsights_skip_tracking":false,"_monsterinsights_sitenote_active":false,"_monsterinsights_sitenote_note":"","_monsterinsights_sitenote_category":0,"footnotes":""},"class_list":["post-8016","page","type-page","status-publish","hentry"],"acf":[],"yoast_head":"<!-- This site is optimized with the Yoast SEO plugin v23.1 - https:\/\/yoast.com\/wordpress\/plugins\/seo\/ -->\n<title>Privacy - MTS Italy<\/title>\n<meta name=\"robots\" content=\"index, follow, max-snippet:-1, max-image-preview:large, max-video-preview:-1\" \/>\n<link rel=\"canonical\" href=\"https:\/\/www.mts-italy.com\/pl\/privacy\/\" \/>\n<meta property=\"og:locale\" content=\"pl_PL\" \/>\n<meta property=\"og:type\" content=\"article\" \/>\n<meta property=\"og:title\" content=\"Privacy - MTS Italy\" \/>\n<meta property=\"og:url\" content=\"https:\/\/www.mts-italy.com\/pl\/privacy\/\" \/>\n<meta property=\"og:site_name\" content=\"MTS Italy\" \/>\n<meta property=\"article:modified_time\" content=\"2022-12-30T15:25:56+00:00\" \/>\n<meta name=\"twitter:card\" content=\"summary_large_image\" \/>\n<meta name=\"twitter:label1\" content=\"Szacowany czas czytania\" \/>\n\t<meta name=\"twitter:data1\" content=\"7 minut\" \/>\n<script type=\"application\/ld+json\" class=\"yoast-schema-graph\">{\"@context\":\"https:\/\/schema.org\",\"@graph\":[{\"@type\":\"WebPage\",\"@id\":\"https:\/\/www.mts-italy.com\/pl\/privacy\/\",\"url\":\"https:\/\/www.mts-italy.com\/pl\/privacy\/\",\"name\":\"Privacy - MTS Italy\",\"isPartOf\":{\"@id\":\"https:\/\/mtsitaly.kinsta.cloud\/#website\"},\"datePublished\":\"2022-08-04T13:58:51+00:00\",\"dateModified\":\"2022-12-30T15:25:56+00:00\",\"breadcrumb\":{\"@id\":\"https:\/\/www.mts-italy.com\/pl\/privacy\/#breadcrumb\"},\"inLanguage\":\"pl-PL\",\"potentialAction\":[{\"@type\":\"ReadAction\",\"target\":[\"https:\/\/www.mts-italy.com\/pl\/privacy\/\"]}]},{\"@type\":\"BreadcrumbList\",\"@id\":\"https:\/\/www.mts-italy.com\/pl\/privacy\/#breadcrumb\",\"itemListElement\":[{\"@type\":\"ListItem\",\"position\":1,\"name\":\"Home\",\"item\":\"https:\/\/www.mts-italy.com\/pl\/\"},{\"@type\":\"ListItem\",\"position\":2,\"name\":\"Privacy\"}]},{\"@type\":\"WebSite\",\"@id\":\"https:\/\/mtsitaly.kinsta.cloud\/#website\",\"url\":\"https:\/\/mtsitaly.kinsta.cloud\/\",\"name\":\"MTS Italy\",\"description\":\"Realizzazione macchine per la lavorazione del tubo\",\"potentialAction\":[{\"@type\":\"SearchAction\",\"target\":{\"@type\":\"EntryPoint\",\"urlTemplate\":\"https:\/\/mtsitaly.kinsta.cloud\/?s={search_term_string}\"},\"query-input\":\"required name=search_term_string\"}],\"inLanguage\":\"pl-PL\"}]}<\/script>\n<!-- \/ Yoast SEO plugin. -->","yoast_head_json":{"title":"Privacy - MTS Italy","robots":{"index":"index","follow":"follow","max-snippet":"max-snippet:-1","max-image-preview":"max-image-preview:large","max-video-preview":"max-video-preview:-1"},"canonical":"https:\/\/www.mts-italy.com\/pl\/privacy\/","og_locale":"pl_PL","og_type":"article","og_title":"Privacy - MTS Italy","og_url":"https:\/\/www.mts-italy.com\/pl\/privacy\/","og_site_name":"MTS Italy","article_modified_time":"2022-12-30T15:25:56+00:00","twitter_card":"summary_large_image","twitter_misc":{"Szacowany czas czytania":"7 minut"},"schema":{"@context":"https:\/\/schema.org","@graph":[{"@type":"WebPage","@id":"https:\/\/www.mts-italy.com\/pl\/privacy\/","url":"https:\/\/www.mts-italy.com\/pl\/privacy\/","name":"Privacy - MTS Italy","isPartOf":{"@id":"https:\/\/mtsitaly.kinsta.cloud\/#website"},"datePublished":"2022-08-04T13:58:51+00:00","dateModified":"2022-12-30T15:25:56+00:00","breadcrumb":{"@id":"https:\/\/www.mts-italy.com\/pl\/privacy\/#breadcrumb"},"inLanguage":"pl-PL","potentialAction":[{"@type":"ReadAction","target":["https:\/\/www.mts-italy.com\/pl\/privacy\/"]}]},{"@type":"BreadcrumbList","@id":"https:\/\/www.mts-italy.com\/pl\/privacy\/#breadcrumb","itemListElement":[{"@type":"ListItem","position":1,"name":"Home","item":"https:\/\/www.mts-italy.com\/pl\/"},{"@type":"ListItem","position":2,"name":"Privacy"}]},{"@type":"WebSite","@id":"https:\/\/mtsitaly.kinsta.cloud\/#website","url":"https:\/\/mtsitaly.kinsta.cloud\/","name":"MTS Italy","description":"Realizzazione macchine per la lavorazione del tubo","potentialAction":[{"@type":"SearchAction","target":{"@type":"EntryPoint","urlTemplate":"https:\/\/mtsitaly.kinsta.cloud\/?s={search_term_string}"},"query-input":"required name=search_term_string"}],"inLanguage":"pl-PL"}]}},"publishpress_future_action":{"enabled":false,"date":"2026-05-13 15:08:51","action":"change-status","newStatus":"draft","terms":[],"taxonomy":"translation_priority"},"_links":{"self":[{"href":"https:\/\/www.mts-italy.com\/pl\/wp-json\/wp\/v2\/pages\/8016"}],"collection":[{"href":"https:\/\/www.mts-italy.com\/pl\/wp-json\/wp\/v2\/pages"}],"about":[{"href":"https:\/\/www.mts-italy.com\/pl\/wp-json\/wp\/v2\/types\/page"}],"author":[{"embeddable":true,"href":"https:\/\/www.mts-italy.com\/pl\/wp-json\/wp\/v2\/users\/2"}],"replies":[{"embeddable":true,"href":"https:\/\/www.mts-italy.com\/pl\/wp-json\/wp\/v2\/comments?post=8016"}],"version-history":[{"count":2,"href":"https:\/\/www.mts-italy.com\/pl\/wp-json\/wp\/v2\/pages\/8016\/revisions"}],"predecessor-version":[{"id":8050,"href":"https:\/\/www.mts-italy.com\/pl\/wp-json\/wp\/v2\/pages\/8016\/revisions\/8050"}],"wp:attachment":[{"href":"https:\/\/www.mts-italy.com\/pl\/wp-json\/wp\/v2\/media?parent=8016"}],"curies":[{"name":"wp","href":"https:\/\/api.w.org\/{rel}","templated":true}]}}