{"id":3,"date":"2024-09-12T08:42:34","date_gmt":"2024-09-12T08:42:34","guid":{"rendered":"https:\/\/mts-italy.com\/lavorazioni\/?page_id=3"},"modified":"2025-03-05T18:31:40","modified_gmt":"2025-03-05T16:31:40","slug":"privacy","status":"publish","type":"page","link":"https:\/\/www.mts-italy.com\/lavorazioni\/privacy\/","title":{"rendered":"Privacy Policy"},"content":{"rendered":"<div class=\"fusion-fullwidth fullwidth-box fusion-builder-row-1 fusion-flex-container has-pattern-background has-mask-background nonhundred-percent-fullwidth non-hundred-percent-height-scrolling\" style=\"--awb-border-radius-top-left:0px;--awb-border-radius-top-right:0px;--awb-border-radius-bottom-right:0px;--awb-border-radius-bottom-left:0px;--awb-margin-top:4%;--awb-margin-bottom:4%;--awb-flex-wrap:wrap;\" ><div class=\"fusion-builder-row fusion-row fusion-flex-align-items-flex-start fusion-flex-content-wrap\" style=\"max-width:1456px;margin-left: calc(-4% \/ 2 );margin-right: calc(-4% \/ 2 );\"><div class=\"fusion-layout-column fusion_builder_column fusion-builder-column-0 fusion_builder_column_1_1 1_1 fusion-flex-column\" style=\"--awb-bg-size:cover;--awb-width-large:100%;--awb-margin-top-large:0px;--awb-spacing-right-large:1.92%;--awb-margin-bottom-large:20px;--awb-spacing-left-large:1.92%;--awb-width-medium:100%;--awb-order-medium:0;--awb-spacing-right-medium:1.92%;--awb-spacing-left-medium:1.92%;--awb-width-small:100%;--awb-order-small:0;--awb-spacing-right-small:1.92%;--awb-spacing-left-small:1.92%;\"><div class=\"fusion-column-wrapper fusion-column-has-shadow fusion-flex-justify-content-flex-start fusion-content-layout-column\"><div class=\"fusion-title title fusion-title-1 fusion-sep-none fusion-title-text fusion-title-size-one\"><h1 class=\"fusion-title-heading title-heading-left\" style=\"margin:0;\">Privacy<\/h1><\/div><div class=\"fusion-text fusion-text-1\"><h3><strong>Informativa e richiesta di consenso al trattamento dei dati personali ai sensi dell\u2019art. 6.1A del regolamento (UE) 2016\/679<\/strong><\/h3>\n<p>In ottemperanza agli obblighi previsti dal Regolamento (UE) 2016\/679 in materia di trattamento dei dati personali in vigore dal 25 maggio 2018, con la presente intendiamo informarLa\/Vi che la societ\u00e0 <b>M.T.S. Srl <\/b>con sede in <strong>Via Alessandro Volta, 5 25030 Provaglio d&#8217;Iseo (BS) Italia<\/strong>\u00a0(di seguito la \u201cSociet\u00e0\u201d) sottoporr\u00e0 a trattamento i dati personali che riguardano Lei\/Voi e che ci sono stati o che ci verranno da Lei\/Voi o da altri comunicati. Il trattamento dei dati personali sar\u00e0 effettuato nel rispetto delle norme in vigore ed alle seguenti condizioni.<\/p>\n<ol>\n<li><strong>Finalit\u00e0 del trattamento<\/strong><\/li>\n<\/ol>\n<p>Il trattamento dei dati personali \u00e8 diretto esclusivamente al raggiungimento delle seguenti finalit\u00e0:<\/p>\n<p>a) per esigenza preliminari alla stipula dei contratti di vendita, per dare esecuzione agli stessi e per la tutela delle posizioni creditori e da essi derivanti;<\/p>\n<p>b) per adempiere a qualunque tipo di obbligo previsto da leggi o regolamenti vigenti, in particolare, in materia fiscale;<\/p>\n<p>c) per esigenze di tipo operativo, gestionale e contabile;<\/p>\n<p>d) per la registrazione degli accessi al sito web della Societ\u00e0 e l\u2019utilizzo dei servizi prestati con tale sito;<\/p>\n<p>e) per esigenze di monitoraggio dell\u2019andamento delle relazioni con i clienti e\/o dei rischi connessi e per migliorare tali relazioni;<\/p>\n<p>f) per finalit\u00e0 commerciali e di marketing strategico e operativo.<\/p>\n<p><strong>2. Modalit\u00e0 di trattamento<\/strong><\/p>\n<p>Il trattamento dei dati potr\u00e0 consistere, oltre che nella loro raccolta, nella loro registrazione, organizzazione, strutturazione, conservazione, adattamento, modifica, estrazione, consultazione, uso, comunicazione mediante trasmissione, diffusione o qualsiasi altra forma di messa a disposizione, raffronto o interconnessione, limitazione, cancellazione o distruzione e sar\u00e0 effettuato sia con l\u2019utilizzo di supporto cartaceo, sia con l\u2019ausilio di strumenti elettronici informatici e telematici, secondo modalit\u00e0 e con strumenti idonei a garantire la sicurezza e la riservatezza dei dati stessi, in conformit\u00e0 di quanto previsto dagli articoli 32 e seguenti del Regolamento (UE) 2016\/679, relativi alla \u201csicurezza dei dati personali\u201d.<\/p>\n<p>In particolare, saranno adottate tutte le misure tecniche, informatiche, organizzative, logistiche e procedurali di sicurezza adeguati al livello di rischio a seconda della natura dei dati.<\/p>\n<p>Inoltre, le metodologie applicate garantiscono che l\u2019accesso ai dati sia consentito alle sole persone incaricate del trattamento da parte della nostra Societ\u00e0.<\/p>\n<ol start=\"3\">\n<li><strong>Conferimento dati<\/strong><\/li>\n<\/ol>\n<p>Il conferimento dei dati \u00e8:<\/p>\n<p>a) Obbligatorio per il raggiungimento delle finalit\u00e0 connesse agli obblighi previsti da leggi o da altre normative vincolanti;<\/p>\n<p>b) Necessario per la corretta instaurazione e prosecuzione del rapporto con Lei\/Voi instaurato.<\/p>\n<p>Un eventuale rifiuto di fornire i dati di cui sopra, seppur certo legittimo, potrebbe compromettere il regolare svolgimento del rapporto con la nostra Societ\u00e0 ed, in particolare, potrebbe comportare l\u2019impossibilit\u00e0 per noi di dare esecuzione ai Suoi \/ Vostri ordini, nonch\u00e9 di effettuare la prestazione dei servizi richiesti e la relativa fatturazione.<\/p>\n<ol start=\"4\">\n<li><strong>Comunicazione e diffusione dei dati<\/strong><\/li>\n<\/ol>\n<p>La comunicazione all\u2019esterno dei dati personali raccolti per le finalit\u00e0 di cui al punto 1 potr\u00e0 avvenire solo dove:<\/p>\n<p>a) tale comunicazione sia obbligatoria per assicurare l&#8217;ottemperanza degli adempimenti previsti dalla legge o da altre norme vincolanti;<\/p>\n<p>b) tale comunicazione sia obbligatoria per assicurare la corretta instaurazione o prosecuzione del rapporto d\u2019affari con Lei\/Voi intrattenuto.<\/p>\n<p>I dati personali raccolti per il raggiungimento delle finalit\u00e0 sopra indicate potranno essere comunicati, per quanto di loro specifica competenza, a soggetti pubblici e privati, persone fisiche e\/o giuridiche e aventi finalit\u00e0 commerciali e\/o di gestione dei sistemi informativi e\/o dei sistemi di pagamento, compresi responsabili e sub-responsabili del trattamento esterni che svolgono specifici incarichi per conto della nostra Societ\u00e0.<\/p>\n<p>In particolare, i dati potranno essere comunicati alle seguenti categorie di soggetti: rete commerciale, istituti bancari e societ\u00e0 specializzate nella gestione dei pagamenti, studi legali e di consulenza, soggetti incaricati della revisione del bilancio della nostra societ\u00e0, pubbliche autorit\u00e0 o amministrazioni per gli adempienti di legge, fornitori italiani ed esteri, societ\u00e0 di finanziamento e di trasporto, terzi incaricati del controllo della qualit\u00e0 del flusso logistico-commerciale, nonch\u00e9 alle altre societ\u00e0 facenti parte del nostro Gruppo.<\/p>\n<p>I dati potranno, altres\u00ec, essere diffusi, ma solo in forma aggregata, anonima e per finalit\u00e0 statistiche a norma di legge.<\/p>\n<ol start=\"5\">\n<li><strong>Trasferimento dei dati all\u2019estero<\/strong><\/li>\n<\/ol>\n<p>Nei limiti strettamente necessari all&#8217;esecuzione del rapporto contrattuale con Lei\/Voi in corso, i Suoi\/Vostri dati personali potranno essere comunicati a soggetti terzi (quali i fornitori) situati all\u2019estero, dentro o fuori l&#8217;Unione Europea sempre con rispetto alle norme contenute negli art. 44 a 50 del regolamento (UE) 2016\/679.<\/p>\n<ol start=\"6\">\n<li><strong>Diritti dell\u2019interessato<\/strong><\/li>\n<\/ol>\n<p>Ai sensi dell\u2019articolo 12 e15 a 22 del regolamento (UE) 2016\/679, Lei\/Voi ha\/avete diritto a richiedere, con i requisiti e nei limiti del suddetto regolamento, di:<\/p>\n<ol>\n<li>Accedere ai dati personali<\/li>\n<li>Rettificare i dati personali non esatti<\/li>\n<li>Cancellare i dati personali<\/li>\n<li>Limitare il trattamento dei dati personali<\/li>\n<li>Ricevere notifica in caso di rettifica, cancellazione o limitazione dei dati personali.<\/li>\n<li>Portabilit\u00e0 dei dati personali<\/li>\n<li>Opposizione al trattamento dei dati personali<\/li>\n<li>Con riguardo ai processi decisionali automatizzati (Anche profilazione):<\/li>\n<li>Ottenere l\u2019intervento umano da parte del titolare.<\/li>\n<li>Esprimere la propria opinione<\/li>\n<li>Contestare la decisione.<\/li>\n<\/ol>\n<p>7.<strong>\u00a0 Titolare e responsabile<\/strong><\/p>\n<p>Le confermiamo, inoltre, che Titolare del trattamento \u00e8 la scrivente Societ\u00e0, in persona del legale rappresentante pro tempore, con sede in <b>Via Alessandro Volta, 5 25050 Provaglio d&#8217;Iseo (BS), Italia.<\/b><\/p>\n<p>Il Responsabile del trattamento dei dati che La\/Vi riguardano, domiciliato per questo incarico presso la sede della Societ\u00e0, \u00e8 il Responsabile dei servizi Informatici contattabile tramite e-mail: <a href=\"mailto:info@mts-italy.com\">info@mts-italy.com<\/a><\/p>\n<ol start=\"8\">\n<li><strong>Modalit\u00e0 di utilizzo dei dati da parte di Google<\/strong><\/li>\n<\/ol>\n<p>Vorremmo informarLa\/Vi, inoltre che questo sito utilizza tecnologie di Google per migliorare i loro contenuti e continuare a offrirli gratuitamente.\u00a0Maggiori informazioni disponibili al seguente link: <a href=\"https:\/\/policies.google.com\/privacy\/partners?hl=it\">https:\/\/policies.google.com\/privacy\/partners?hl=it<\/a><\/p>\n<ol start=\"9\">\n<li><strong>Consenso al trattamento<\/strong><\/li>\n<\/ol>\n<p>Vorremmo informarLa\/Vi, in ultimo, che la prestazione del consenso da parte Sua\/Vostra al trattamento dei dati personali con le modalit\u00e0 e per le finalit\u00e0 sopra illustrate \u00e8 facoltativa. In caso di un Suo\/Vostro diniego del consenso, la nostra Societ\u00e0 non potr\u00e0 trattare i Suoi\/Vostri dati personali, ma solo utilizzarli in ottemperanza degli obblighi previsti dalla legge o da altre regolamentazioni esistenti, con le possibili conseguenze descritte al punto 3 che precede.<\/p>\n<p>Come a Lei\/Voi noto, il regolamento (UE) 2016\/679 prevede che il trattamento dei dati personali sia effettuato con il consenso dell\u2019interessato, salvi i casi di esclusione specificamente indicati dalla legge stessa. Per tale ragione, La\/Vi invitiamo a compilare il modulo elettronico di richiesta del consenso come attestazione di ricevuta delle informazioni di cui alla presente lettera informativa, nonch\u00e9 come espressione del consenso al trattamento dei<\/p>\n<\/div><\/div><\/div><\/div><\/div>\n","protected":false},"excerpt":{"rendered":"","protected":false},"author":1,"featured_media":0,"parent":0,"menu_order":0,"comment_status":"closed","ping_status":"closed","template":"","meta":{"_acf_changed":false,"_monsterinsights_skip_tracking":false,"_monsterinsights_sitenote_active":false,"_monsterinsights_sitenote_note":"","_monsterinsights_sitenote_category":0,"footnotes":""},"class_list":["post-3","page","type-page","status-publish","hentry"],"acf":[],"yoast_head":"<!-- This site is optimized with the Yoast SEO plugin v24.6 - https:\/\/yoast.com\/wordpress\/plugins\/seo\/ -->\n<title>Privacy Policy - MTS Lavorazioni Meccaniche<\/title>\n<meta name=\"description\" content=\"Consulta la Privacy Policy di MTS Lavorazioni Meccaniche per informazioni dettagliate su raccolta dati, protezione e gestione della tua privacy online.\" \/>\n<meta name=\"robots\" content=\"index, follow, max-snippet:-1, max-image-preview:large, max-video-preview:-1\" \/>\n<link rel=\"canonical\" href=\"https:\/\/www.mts-italy.com\/lavorazioni\/privacy\/\" \/>\n<meta property=\"og:locale\" content=\"it_IT\" \/>\n<meta property=\"og:type\" content=\"article\" \/>\n<meta property=\"og:title\" content=\"Privacy Policy - MTS Lavorazioni Meccaniche\" \/>\n<meta property=\"og:description\" content=\"Consulta la Privacy Policy di MTS Lavorazioni Meccaniche per informazioni dettagliate su raccolta dati, protezione e gestione della tua privacy online.\" \/>\n<meta property=\"og:url\" content=\"https:\/\/www.mts-italy.com\/lavorazioni\/privacy\/\" \/>\n<meta property=\"og:site_name\" content=\"MTS Lavorazioni Meccaniche\" \/>\n<meta property=\"article:modified_time\" content=\"2025-03-05T16:31:40+00:00\" \/>\n<meta name=\"twitter:card\" content=\"summary_large_image\" \/>\n<meta name=\"twitter:label1\" content=\"Tempo di lettura stimato\" \/>\n\t<meta name=\"twitter:data1\" content=\"6 minuti\" \/>\n<script type=\"application\/ld+json\" class=\"yoast-schema-graph\">{\"@context\":\"https:\/\/schema.org\",\"@graph\":[{\"@type\":\"WebPage\",\"@id\":\"https:\/\/www.mts-italy.com\/lavorazioni\/privacy\/\",\"url\":\"https:\/\/www.mts-italy.com\/lavorazioni\/privacy\/\",\"name\":\"Privacy Policy - MTS Lavorazioni Meccaniche\",\"isPartOf\":{\"@id\":\"https:\/\/www.mts-italy.com\/lavorazioni\/#website\"},\"datePublished\":\"2024-09-12T08:42:34+00:00\",\"dateModified\":\"2025-03-05T16:31:40+00:00\",\"description\":\"Consulta la Privacy Policy di MTS Lavorazioni Meccaniche per informazioni dettagliate su raccolta dati, protezione e gestione della tua privacy online.\",\"breadcrumb\":{\"@id\":\"https:\/\/www.mts-italy.com\/lavorazioni\/privacy\/#breadcrumb\"},\"inLanguage\":\"it-IT\",\"potentialAction\":[{\"@type\":\"ReadAction\",\"target\":[\"https:\/\/www.mts-italy.com\/lavorazioni\/privacy\/\"]}]},{\"@type\":\"BreadcrumbList\",\"@id\":\"https:\/\/www.mts-italy.com\/lavorazioni\/privacy\/#breadcrumb\",\"itemListElement\":[{\"@type\":\"ListItem\",\"position\":1,\"name\":\"Home\",\"item\":\"https:\/\/www.mts-italy.com\/lavorazioni\/\"},{\"@type\":\"ListItem\",\"position\":2,\"name\":\"Privacy Policy\"}]},{\"@type\":\"WebSite\",\"@id\":\"https:\/\/www.mts-italy.com\/lavorazioni\/#website\",\"url\":\"https:\/\/www.mts-italy.com\/lavorazioni\/\",\"name\":\"MTS Lavorazioni Meccaniche\",\"description\":\"\",\"potentialAction\":[{\"@type\":\"SearchAction\",\"target\":{\"@type\":\"EntryPoint\",\"urlTemplate\":\"https:\/\/www.mts-italy.com\/lavorazioni\/?s={search_term_string}\"},\"query-input\":{\"@type\":\"PropertyValueSpecification\",\"valueRequired\":true,\"valueName\":\"search_term_string\"}}],\"inLanguage\":\"it-IT\"}]}<\/script>\n<!-- \/ Yoast SEO plugin. -->","yoast_head_json":{"title":"Privacy Policy - MTS Lavorazioni Meccaniche","description":"Consulta la Privacy Policy di MTS Lavorazioni Meccaniche per informazioni dettagliate su raccolta dati, protezione e gestione della tua privacy online.","robots":{"index":"index","follow":"follow","max-snippet":"max-snippet:-1","max-image-preview":"max-image-preview:large","max-video-preview":"max-video-preview:-1"},"canonical":"https:\/\/www.mts-italy.com\/lavorazioni\/privacy\/","og_locale":"it_IT","og_type":"article","og_title":"Privacy Policy - MTS Lavorazioni Meccaniche","og_description":"Consulta la Privacy Policy di MTS Lavorazioni Meccaniche per informazioni dettagliate su raccolta dati, protezione e gestione della tua privacy online.","og_url":"https:\/\/www.mts-italy.com\/lavorazioni\/privacy\/","og_site_name":"MTS Lavorazioni Meccaniche","article_modified_time":"2025-03-05T16:31:40+00:00","twitter_card":"summary_large_image","twitter_misc":{"Tempo di lettura stimato":"6 minuti"},"schema":{"@context":"https:\/\/schema.org","@graph":[{"@type":"WebPage","@id":"https:\/\/www.mts-italy.com\/lavorazioni\/privacy\/","url":"https:\/\/www.mts-italy.com\/lavorazioni\/privacy\/","name":"Privacy Policy - MTS Lavorazioni Meccaniche","isPartOf":{"@id":"https:\/\/www.mts-italy.com\/lavorazioni\/#website"},"datePublished":"2024-09-12T08:42:34+00:00","dateModified":"2025-03-05T16:31:40+00:00","description":"Consulta la Privacy Policy di MTS Lavorazioni Meccaniche per informazioni dettagliate su raccolta dati, protezione e gestione della tua privacy online.","breadcrumb":{"@id":"https:\/\/www.mts-italy.com\/lavorazioni\/privacy\/#breadcrumb"},"inLanguage":"it-IT","potentialAction":[{"@type":"ReadAction","target":["https:\/\/www.mts-italy.com\/lavorazioni\/privacy\/"]}]},{"@type":"BreadcrumbList","@id":"https:\/\/www.mts-italy.com\/lavorazioni\/privacy\/#breadcrumb","itemListElement":[{"@type":"ListItem","position":1,"name":"Home","item":"https:\/\/www.mts-italy.com\/lavorazioni\/"},{"@type":"ListItem","position":2,"name":"Privacy Policy"}]},{"@type":"WebSite","@id":"https:\/\/www.mts-italy.com\/lavorazioni\/#website","url":"https:\/\/www.mts-italy.com\/lavorazioni\/","name":"MTS Lavorazioni Meccaniche","description":"","potentialAction":[{"@type":"SearchAction","target":{"@type":"EntryPoint","urlTemplate":"https:\/\/www.mts-italy.com\/lavorazioni\/?s={search_term_string}"},"query-input":{"@type":"PropertyValueSpecification","valueRequired":true,"valueName":"search_term_string"}}],"inLanguage":"it-IT"}]}},"_links":{"self":[{"href":"https:\/\/www.mts-italy.com\/lavorazioni\/wp-json\/wp\/v2\/pages\/3","targetHints":{"allow":["GET"]}}],"collection":[{"href":"https:\/\/www.mts-italy.com\/lavorazioni\/wp-json\/wp\/v2\/pages"}],"about":[{"href":"https:\/\/www.mts-italy.com\/lavorazioni\/wp-json\/wp\/v2\/types\/page"}],"author":[{"embeddable":true,"href":"https:\/\/www.mts-italy.com\/lavorazioni\/wp-json\/wp\/v2\/users\/1"}],"replies":[{"embeddable":true,"href":"https:\/\/www.mts-italy.com\/lavorazioni\/wp-json\/wp\/v2\/comments?post=3"}],"version-history":[{"count":2,"href":"https:\/\/www.mts-italy.com\/lavorazioni\/wp-json\/wp\/v2\/pages\/3\/revisions"}],"predecessor-version":[{"id":253,"href":"https:\/\/www.mts-italy.com\/lavorazioni\/wp-json\/wp\/v2\/pages\/3\/revisions\/253"}],"wp:attachment":[{"href":"https:\/\/www.mts-italy.com\/lavorazioni\/wp-json\/wp\/v2\/media?parent=3"}],"curies":[{"name":"wp","href":"https:\/\/api.w.org\/{rel}","templated":true}]}}