{"id":254,"date":"2025-03-05T18:40:44","date_gmt":"2025-03-05T16:40:44","guid":{"rendered":"https:\/\/mts-italy.com\/lavorazioni\/?page_id=254"},"modified":"2025-03-05T18:41:01","modified_gmt":"2025-03-05T16:41:01","slug":"note-legali","status":"publish","type":"page","link":"https:\/\/www.mts-italy.com\/lavorazioni\/note-legali\/","title":{"rendered":"Note legali"},"content":{"rendered":"<div class=\"fusion-fullwidth fullwidth-box fusion-builder-row-1 fusion-flex-container has-pattern-background has-mask-background nonhundred-percent-fullwidth non-hundred-percent-height-scrolling\" style=\"--awb-border-radius-top-left:0px;--awb-border-radius-top-right:0px;--awb-border-radius-bottom-right:0px;--awb-border-radius-bottom-left:0px;--awb-margin-top:4%;--awb-margin-bottom:4%;--awb-flex-wrap:wrap;\" ><div class=\"fusion-builder-row fusion-row fusion-flex-align-items-flex-start fusion-flex-content-wrap\" style=\"max-width:1456px;margin-left: calc(-4% \/ 2 );margin-right: calc(-4% \/ 2 );\"><div class=\"fusion-layout-column fusion_builder_column fusion-builder-column-0 fusion_builder_column_1_1 1_1 fusion-flex-column\" style=\"--awb-bg-size:cover;--awb-width-large:100%;--awb-margin-top-large:0px;--awb-spacing-right-large:1.92%;--awb-margin-bottom-large:20px;--awb-spacing-left-large:1.92%;--awb-width-medium:100%;--awb-order-medium:0;--awb-spacing-right-medium:1.92%;--awb-spacing-left-medium:1.92%;--awb-width-small:100%;--awb-order-small:0;--awb-spacing-right-small:1.92%;--awb-spacing-left-small:1.92%;\"><div class=\"fusion-column-wrapper fusion-column-has-shadow fusion-flex-justify-content-flex-start fusion-content-layout-column\"><div class=\"fusion-title title fusion-title-1 fusion-sep-none fusion-title-text fusion-title-size-one\"><h1 class=\"fusion-title-heading title-heading-left\" style=\"margin:0;\">NOTE LEGALI<\/h1><\/div><div class=\"fusion-text fusion-text-1\"><p><strong>M.T.S. Srl<\/strong><\/p>\n<p>Via Alessandro Volta, 5 25050 Provaglio d\u2019Iseo (BS) \u2013 Italy<\/p>\n<p>Iscrizione al Registro delle Imprese di BRESCIA n\u00b0 337401<\/p>\n<p>Capitale Sociale interamente versato \u20ac 113.477,36 \u20ac i.v.<\/p>\n<p><strong>Termini e Condizioni<\/strong><\/p>\n<p>I seguenti Termini e Condizioni sono relative al sito italiano <a href=\"https:\/\/www.mts-italy.com\/\">www.mts-italy.com<\/a>. L&#8217;accesso e la navigazione nel sito costituiscono accettazione di tali termini.<\/p>\n<p>Il contenuto di questo sito web \u00e8 protetto da copyright e nessuna parte di esso pu\u00f2 essere riprodotta in alcuna forma, n\u00e9 utilizzato per scopi diversi, salvo esplicita autorizzazione scritta di M.T.S. Srl.<\/p>\n<p>E\u2019 possibile stampare o scaricare il testo visibile nel sito per scopi personali e non commerciali, inclusi, ma non limitato a, struttura, fogli di stile e codici di programma.<\/p>\n<p>M.T.S. Srl declina ogni responsabilit\u00e0 per eventuali errori e omissioni presenti sul sito <a href=\"https:\/\/www.mts-italy.com\/\">www.mts-italy.com<\/a>.\u00a0Il design, le specifiche ed i prezzi possono cambiare senza preavviso.<\/p>\n<\/div><\/div><\/div><\/div><\/div>\n","protected":false},"excerpt":{"rendered":"","protected":false},"author":1,"featured_media":0,"parent":0,"menu_order":0,"comment_status":"closed","ping_status":"closed","template":"100-width.php","meta":{"_acf_changed":false,"_monsterinsights_skip_tracking":false,"_monsterinsights_sitenote_active":false,"_monsterinsights_sitenote_note":"","_monsterinsights_sitenote_category":0,"footnotes":""},"class_list":["post-254","page","type-page","status-publish","hentry"],"acf":[],"yoast_head":"<!-- This site is optimized with the Yoast SEO plugin v24.6 - https:\/\/yoast.com\/wordpress\/plugins\/seo\/ -->\n<title>Note legali - MTS Lavorazioni Meccaniche<\/title>\n<meta name=\"description\" content=\"Visualizza le Note Legali di MTS Lavorazioni Meccaniche per dettagli su diritti, responsabilit\u00e0 e normative applicabili al nostro sito web.\" \/>\n<meta name=\"robots\" content=\"index, follow, max-snippet:-1, max-image-preview:large, max-video-preview:-1\" \/>\n<link rel=\"canonical\" href=\"https:\/\/www.mts-italy.com\/lavorazioni\/note-legali\/\" \/>\n<meta property=\"og:locale\" content=\"it_IT\" \/>\n<meta property=\"og:type\" content=\"article\" \/>\n<meta property=\"og:title\" content=\"Note legali - MTS Lavorazioni Meccaniche\" \/>\n<meta property=\"og:description\" content=\"Visualizza le Note Legali di MTS Lavorazioni Meccaniche per dettagli su diritti, responsabilit\u00e0 e normative applicabili al nostro sito web.\" \/>\n<meta property=\"og:url\" content=\"https:\/\/www.mts-italy.com\/lavorazioni\/note-legali\/\" \/>\n<meta property=\"og:site_name\" content=\"MTS Lavorazioni Meccaniche\" \/>\n<meta property=\"article:modified_time\" content=\"2025-03-05T16:41:01+00:00\" \/>\n<meta name=\"twitter:card\" content=\"summary_large_image\" \/>\n<meta name=\"twitter:label1\" content=\"Tempo di lettura stimato\" \/>\n\t<meta name=\"twitter:data1\" content=\"1 minuto\" \/>\n<script type=\"application\/ld+json\" class=\"yoast-schema-graph\">{\"@context\":\"https:\/\/schema.org\",\"@graph\":[{\"@type\":\"WebPage\",\"@id\":\"https:\/\/www.mts-italy.com\/lavorazioni\/note-legali\/\",\"url\":\"https:\/\/www.mts-italy.com\/lavorazioni\/note-legali\/\",\"name\":\"Note legali - MTS Lavorazioni Meccaniche\",\"isPartOf\":{\"@id\":\"https:\/\/www.mts-italy.com\/lavorazioni\/#website\"},\"datePublished\":\"2025-03-05T16:40:44+00:00\",\"dateModified\":\"2025-03-05T16:41:01+00:00\",\"description\":\"Visualizza le Note Legali di MTS Lavorazioni Meccaniche per dettagli su diritti, responsabilit\u00e0 e normative applicabili al nostro sito web.\",\"breadcrumb\":{\"@id\":\"https:\/\/www.mts-italy.com\/lavorazioni\/note-legali\/#breadcrumb\"},\"inLanguage\":\"it-IT\",\"potentialAction\":[{\"@type\":\"ReadAction\",\"target\":[\"https:\/\/www.mts-italy.com\/lavorazioni\/note-legali\/\"]}]},{\"@type\":\"BreadcrumbList\",\"@id\":\"https:\/\/www.mts-italy.com\/lavorazioni\/note-legali\/#breadcrumb\",\"itemListElement\":[{\"@type\":\"ListItem\",\"position\":1,\"name\":\"Home\",\"item\":\"https:\/\/www.mts-italy.com\/lavorazioni\/\"},{\"@type\":\"ListItem\",\"position\":2,\"name\":\"Note legali\"}]},{\"@type\":\"WebSite\",\"@id\":\"https:\/\/www.mts-italy.com\/lavorazioni\/#website\",\"url\":\"https:\/\/www.mts-italy.com\/lavorazioni\/\",\"name\":\"MTS Lavorazioni Meccaniche\",\"description\":\"\",\"potentialAction\":[{\"@type\":\"SearchAction\",\"target\":{\"@type\":\"EntryPoint\",\"urlTemplate\":\"https:\/\/www.mts-italy.com\/lavorazioni\/?s={search_term_string}\"},\"query-input\":{\"@type\":\"PropertyValueSpecification\",\"valueRequired\":true,\"valueName\":\"search_term_string\"}}],\"inLanguage\":\"it-IT\"}]}<\/script>\n<!-- \/ Yoast SEO plugin. -->","yoast_head_json":{"title":"Note legali - MTS Lavorazioni Meccaniche","description":"Visualizza le Note Legali di MTS Lavorazioni Meccaniche per dettagli su diritti, responsabilit\u00e0 e normative applicabili al nostro sito web.","robots":{"index":"index","follow":"follow","max-snippet":"max-snippet:-1","max-image-preview":"max-image-preview:large","max-video-preview":"max-video-preview:-1"},"canonical":"https:\/\/www.mts-italy.com\/lavorazioni\/note-legali\/","og_locale":"it_IT","og_type":"article","og_title":"Note legali - MTS Lavorazioni Meccaniche","og_description":"Visualizza le Note Legali di MTS Lavorazioni Meccaniche per dettagli su diritti, responsabilit\u00e0 e normative applicabili al nostro sito web.","og_url":"https:\/\/www.mts-italy.com\/lavorazioni\/note-legali\/","og_site_name":"MTS Lavorazioni Meccaniche","article_modified_time":"2025-03-05T16:41:01+00:00","twitter_card":"summary_large_image","twitter_misc":{"Tempo di lettura stimato":"1 minuto"},"schema":{"@context":"https:\/\/schema.org","@graph":[{"@type":"WebPage","@id":"https:\/\/www.mts-italy.com\/lavorazioni\/note-legali\/","url":"https:\/\/www.mts-italy.com\/lavorazioni\/note-legali\/","name":"Note legali - MTS Lavorazioni Meccaniche","isPartOf":{"@id":"https:\/\/www.mts-italy.com\/lavorazioni\/#website"},"datePublished":"2025-03-05T16:40:44+00:00","dateModified":"2025-03-05T16:41:01+00:00","description":"Visualizza le Note Legali di MTS Lavorazioni Meccaniche per dettagli su diritti, responsabilit\u00e0 e normative applicabili al nostro sito web.","breadcrumb":{"@id":"https:\/\/www.mts-italy.com\/lavorazioni\/note-legali\/#breadcrumb"},"inLanguage":"it-IT","potentialAction":[{"@type":"ReadAction","target":["https:\/\/www.mts-italy.com\/lavorazioni\/note-legali\/"]}]},{"@type":"BreadcrumbList","@id":"https:\/\/www.mts-italy.com\/lavorazioni\/note-legali\/#breadcrumb","itemListElement":[{"@type":"ListItem","position":1,"name":"Home","item":"https:\/\/www.mts-italy.com\/lavorazioni\/"},{"@type":"ListItem","position":2,"name":"Note legali"}]},{"@type":"WebSite","@id":"https:\/\/www.mts-italy.com\/lavorazioni\/#website","url":"https:\/\/www.mts-italy.com\/lavorazioni\/","name":"MTS Lavorazioni Meccaniche","description":"","potentialAction":[{"@type":"SearchAction","target":{"@type":"EntryPoint","urlTemplate":"https:\/\/www.mts-italy.com\/lavorazioni\/?s={search_term_string}"},"query-input":{"@type":"PropertyValueSpecification","valueRequired":true,"valueName":"search_term_string"}}],"inLanguage":"it-IT"}]}},"_links":{"self":[{"href":"https:\/\/www.mts-italy.com\/lavorazioni\/wp-json\/wp\/v2\/pages\/254","targetHints":{"allow":["GET"]}}],"collection":[{"href":"https:\/\/www.mts-italy.com\/lavorazioni\/wp-json\/wp\/v2\/pages"}],"about":[{"href":"https:\/\/www.mts-italy.com\/lavorazioni\/wp-json\/wp\/v2\/types\/page"}],"author":[{"embeddable":true,"href":"https:\/\/www.mts-italy.com\/lavorazioni\/wp-json\/wp\/v2\/users\/1"}],"replies":[{"embeddable":true,"href":"https:\/\/www.mts-italy.com\/lavorazioni\/wp-json\/wp\/v2\/comments?post=254"}],"version-history":[{"count":2,"href":"https:\/\/www.mts-italy.com\/lavorazioni\/wp-json\/wp\/v2\/pages\/254\/revisions"}],"predecessor-version":[{"id":256,"href":"https:\/\/www.mts-italy.com\/lavorazioni\/wp-json\/wp\/v2\/pages\/254\/revisions\/256"}],"wp:attachment":[{"href":"https:\/\/www.mts-italy.com\/lavorazioni\/wp-json\/wp\/v2\/media?parent=254"}],"curies":[{"name":"wp","href":"https:\/\/api.w.org\/{rel}","templated":true}]}}