{"id":134,"date":"2025-02-14T10:09:04","date_gmt":"2025-02-14T08:09:04","guid":{"rendered":"https:\/\/mts-italy.com\/lavorazioni\/?page_id=134"},"modified":"2025-10-20T16:48:53","modified_gmt":"2025-10-20T14:48:53","slug":"officina-meccanica","status":"publish","type":"page","link":"https:\/\/www.mts-italy.com\/lavorazioni\/officina-meccanica\/","title":{"rendered":"Chi siamo"},"content":{"rendered":"<p><div class=\"fusion-fullwidth fullwidth-box fusion-builder-row-1 fusion-flex-container has-pattern-background has-mask-background cont-testata hundred-percent-fullwidth non-hundred-percent-height-scrolling\" style=\"--awb-background-position:right center;--awb-border-radius-top-left:0px;--awb-border-radius-top-right:0px;--awb-border-radius-bottom-right:0px;--awb-border-radius-bottom-left:0px;--awb-padding-top:0px;--awb-padding-right:0px;--awb-padding-bottom:0px;--awb-padding-left:0px;--awb-margin-top:0px;--awb-margin-bottom:0px;--awb-background-size:contain;--awb-flex-wrap:wrap;\" ><div class=\"fusion-builder-row fusion-row fusion-flex-align-items-center fusion-flex-justify-content-flex-end fusion-flex-content-wrap\" style=\"width:calc( 100% + 0px ) !important;max-width:calc( 100% + 0px ) !important;margin-left: calc(-0px \/ 2 );margin-right: calc(-0px \/ 2 );\"><div class=\"fusion-layout-column fusion_builder_column fusion-builder-column-0 fusion_builder_column_2_5 2_5 fusion-flex-column fusion-flex-align-self-center colonna-interna-titolo\" style=\"--awb-padding-top:0px;--awb-padding-right:0px;--awb-padding-bottom:0px;--awb-padding-left:0px;--awb-bg-size:cover;--awb-width-large:40%;--awb-margin-top-large:0px;--awb-spacing-right-large:calc( 0.375 * calc( 100% - 0 ) );--awb-margin-bottom-large:0px;--awb-spacing-left-large:0px;--awb-width-medium:40%;--awb-order-medium:0;--awb-spacing-right-medium:calc( 0.375 * calc( 100% - 0 ) );--awb-spacing-left-medium:0px;--awb-width-small:100%;--awb-order-small:0;--awb-spacing-right-small:0px;--awb-spacing-left-small:0px;\" data-scroll-devices=\"small-visibility,medium-visibility,large-visibility\"><div class=\"fusion-column-wrapper fusion-column-has-shadow fusion-flex-justify-content-center fusion-content-layout-column\"><div class=\"fusion-title title fusion-title-1 fusion-sep-none fusion-title-text fusion-title-size-one titolo-interne\"><h1 class=\"fusion-title-heading title-heading-left\" style=\"margin:0;\">Officina meccanica<br \/>\nBrescia e Bergamo<\/h1><\/div><div class=\"fusion-text fusion-text-1\" style=\"--awb-margin-right:20px;\"><p><em>Officina meccanica<\/em> fondata nel 1980 da due soci con una grande passione per l&#8217;artigianato, la nostra azienda ha iniziato il suo viaggio in una piccola sede, dove la passione e l&#8217;impegno erano il motore di ogni attivit\u00e0. Con il passare degli anni, grazie alla competenza e alla determinazione, l&#8217;azienda ha conosciuto una crescita costante, trasformandosi da una realt\u00e0 artigianale a una solida impresa nel campo della meccanica.<\/p>\n<\/div><\/div><\/div><div class=\"fusion-layout-column fusion_builder_column fusion-builder-column-1 fusion_builder_column_3_5 3_5 fusion-flex-column fusion-flex-align-self-center colonna-interna-foto\" style=\"--awb-padding-top:0px;--awb-padding-right:0px;--awb-padding-bottom:0px;--awb-padding-left:0px;--awb-bg-size:cover;--awb-width-large:60%;--awb-margin-top-large:0px;--awb-spacing-right-large:calc( 0.25 * calc( 100% - 0 ) );--awb-margin-bottom-large:0px;--awb-spacing-left-large:0px;--awb-width-medium:60%;--awb-order-medium:0;--awb-spacing-right-medium:calc( 0.25 * calc( 100% - 0 ) );--awb-spacing-left-medium:0px;--awb-width-small:100%;--awb-order-small:0;--awb-spacing-right-small:0px;--awb-spacing-left-small:0px;\" data-scroll-devices=\"small-visibility,medium-visibility,large-visibility\"><div class=\"fusion-column-wrapper lazyload fusion-column-has-shadow fusion-flex-justify-content-center fusion-content-layout-column fusion-empty-column-bg-image fusion-column-has-bg-image\" data-bg-url=\"https:\/\/www.mts-italy.com\/lavorazioni\/wp-content\/uploads\/2025\/02\/copertina-chi-siamo.webp\" data-bg=\"https:\/\/www.mts-italy.com\/lavorazioni\/wp-content\/uploads\/2025\/02\/copertina-chi-siamo.webp\"><img decoding=\"async\" class=\"fusion-empty-dims-img-placeholder\" alt=\"Officina meccanica Brescia e Bergamo\" src=\"data:image\/svg+xml,%3Csvg%20xmlns%3D%27http%3A%2F%2Fwww.w3.org%2F2000%2Fsvg%27%20width%3D%271140%27%20height%3D%27650%27%20viewBox%3D%270%200%201140%20650%27%3E%3Crect%20width%3D%271140%27%20height%3D%27650%27%20fill-opacity%3D%220%22%2F%3E%3C%2Fsvg%3E\"><\/div><\/div><\/div><\/div><div class=\"fusion-fullwidth fullwidth-box fusion-builder-row-2 fusion-flex-container has-pattern-background has-mask-background nonhundred-percent-fullwidth non-hundred-percent-height-scrolling\" style=\"--awb-border-radius-top-left:0px;--awb-border-radius-top-right:0px;--awb-border-radius-bottom-right:0px;--awb-border-radius-bottom-left:0px;--awb-margin-top:3%;--awb-margin-bottom:3%;--awb-flex-wrap:wrap;\" ><div class=\"fusion-builder-row fusion-row fusion-flex-align-items-center fusion-flex-content-wrap\" style=\"max-width:1456px;margin-left: calc(-4% \/ 2 );margin-right: calc(-4% \/ 2 );\"><div class=\"fusion-layout-column fusion_builder_column fusion-builder-column-2 fusion_builder_column_1_2 1_2 fusion-flex-column\" style=\"--awb-bg-size:cover;--awb-width-large:50%;--awb-margin-top-large:0px;--awb-spacing-right-large:3.84%;--awb-margin-bottom-large:20px;--awb-spacing-left-large:3.84%;--awb-width-medium:50%;--awb-order-medium:0;--awb-spacing-right-medium:3.84%;--awb-spacing-left-medium:3.84%;--awb-width-small:100%;--awb-order-small:0;--awb-spacing-right-small:1.92%;--awb-spacing-left-small:1.92%;\"><div class=\"fusion-column-wrapper fusion-column-has-shadow fusion-flex-justify-content-flex-start fusion-content-layout-column\"><div class=\"fusion-text fusion-text-2\" style=\"--awb-font-size:var(--awb-custom_typography_2-font-size);--awb-line-height:var(--awb-custom_typography_2-line-height);--awb-letter-spacing:var(--awb-custom_typography_2-letter-spacing);--awb-text-transform:var(--awb-custom_typography_2-text-transform);--awb-text-color:var(--awb-color1);--awb-text-font-family:var(--awb-custom_typography_2-font-family);--awb-text-font-weight:var(--awb-custom_typography_2-font-weight);--awb-text-font-style:var(--awb-custom_typography_2-font-style);\"><p>L&#8217;azienda oggi<\/p>\n<\/div><div class=\"fusion-text fusion-text-3\" style=\"--awb-margin-right:20px;\"><p>L&#8217;entrata in azienda della nuova generazione, i figli dei fondatori, ha portato un ulteriore impulso all&#8217;innovazione e allo sviluppo. Grazie alla loro freschezza e al loro entusiasmo, l&#8217;<strong>officina meccanica<\/strong> ha saputo rinnovarsi e consolidarsi ulteriormente, raggiungendo una posizione di rilievo nel settore.<\/p>\n<p>Oggi, con un ambiente di lavoro che si estende su oltre 2000 metri quadrati, siamo orgogliosi di essere una realt\u00e0 affermata e consolidata. La nostra storia \u00e8 testimonianza di come la passione, l&#8217;impegno e la collaborazione familiare possano trasformare una piccola impresa in una grande eccellenza nel campo della meccanica.<\/p>\n<\/div><\/div><\/div><div class=\"fusion-layout-column fusion_builder_column fusion-builder-column-3 fusion_builder_column_1_2 1_2 fusion-flex-column desk-meno-uno\" style=\"--awb-bg-size:cover;--awb-width-large:50%;--awb-margin-top-large:0px;--awb-spacing-right-large:3.84%;--awb-margin-bottom-large:20px;--awb-spacing-left-large:3.84%;--awb-width-medium:50%;--awb-order-medium:0;--awb-spacing-right-medium:3.84%;--awb-spacing-left-medium:3.84%;--awb-width-small:100%;--awb-order-small:0;--awb-spacing-right-small:1.92%;--awb-spacing-left-small:1.92%;\" data-scroll-devices=\"small-visibility,medium-visibility,large-visibility\"><div class=\"fusion-column-wrapper fusion-column-has-shadow fusion-flex-justify-content-flex-start fusion-content-layout-column\"><div class=\"fusion-image-element \" style=\"--awb-caption-title-font-family:var(--h2_typography-font-family);--awb-caption-title-font-weight:var(--h2_typography-font-weight);--awb-caption-title-font-style:var(--h2_typography-font-style);--awb-caption-title-size:var(--h2_typography-font-size);--awb-caption-title-transform:var(--h2_typography-text-transform);--awb-caption-title-line-height:var(--h2_typography-line-height);--awb-caption-title-letter-spacing:var(--h2_typography-letter-spacing);\"><span class=\" fusion-imageframe imageframe-none imageframe-1 hover-type-none\"><img decoding=\"async\" width=\"900\" height=\"600\" alt=\"Officina Meccanica Brescia e Bergamo\" src=\"https:\/\/www.mts-italy.com\/lavorazioni\/wp-content\/uploads\/2025\/03\/mts-azienda-oggi.webp\" data-orig-src=\"https:\/\/www.mts-italy.com\/lavorazioni\/wp-content\/uploads\/2025\/03\/mts-azienda-oggi.webp\" class=\"lazyload img-responsive wp-image-229\" srcset=\"data:image\/svg+xml,%3Csvg%20xmlns%3D%27http%3A%2F%2Fwww.w3.org%2F2000%2Fsvg%27%20width%3D%27900%27%20height%3D%27600%27%20viewBox%3D%270%200%20900%20600%27%3E%3Crect%20width%3D%27900%27%20height%3D%27600%27%20fill-opacity%3D%220%22%2F%3E%3C%2Fsvg%3E\" data-srcset=\"https:\/\/www.mts-italy.com\/lavorazioni\/wp-content\/uploads\/2025\/03\/mts-azienda-oggi-200x133.webp 200w, https:\/\/www.mts-italy.com\/lavorazioni\/wp-content\/uploads\/2025\/03\/mts-azienda-oggi-300x200.webp 300w, https:\/\/www.mts-italy.com\/lavorazioni\/wp-content\/uploads\/2025\/03\/mts-azienda-oggi-400x267.webp 400w, https:\/\/www.mts-italy.com\/lavorazioni\/wp-content\/uploads\/2025\/03\/mts-azienda-oggi-600x400.webp 600w, https:\/\/www.mts-italy.com\/lavorazioni\/wp-content\/uploads\/2025\/03\/mts-azienda-oggi-768x512.webp 768w, https:\/\/www.mts-italy.com\/lavorazioni\/wp-content\/uploads\/2025\/03\/mts-azienda-oggi-800x533.webp 800w, https:\/\/www.mts-italy.com\/lavorazioni\/wp-content\/uploads\/2025\/03\/mts-azienda-oggi.webp 900w\" data-sizes=\"auto\" data-orig-sizes=\"(max-width: 640px) 100vw, 800px\" \/><\/span><\/div><\/div><\/div><\/div><\/div><div class=\"fusion-fullwidth fullwidth-box fusion-builder-row-3 fusion-flex-container has-pattern-background has-mask-background nonhundred-percent-fullwidth non-hundred-percent-height-scrolling\" style=\"--awb-border-radius-top-left:0px;--awb-border-radius-top-right:0px;--awb-border-radius-bottom-right:0px;--awb-border-radius-bottom-left:0px;--awb-margin-top:3%;--awb-margin-bottom:3%;--awb-flex-wrap:wrap;\" ><div class=\"fusion-builder-row fusion-row fusion-flex-align-items-center fusion-flex-content-wrap\" style=\"max-width:1456px;margin-left: calc(-4% \/ 2 );margin-right: calc(-4% \/ 2 );\"><div class=\"fusion-layout-column fusion_builder_column fusion-builder-column-4 fusion_builder_column_1_2 1_2 fusion-flex-column\" style=\"--awb-bg-size:cover;--awb-width-large:50%;--awb-margin-top-large:0px;--awb-spacing-right-large:3.84%;--awb-margin-bottom-large:20px;--awb-spacing-left-large:3.84%;--awb-width-medium:50%;--awb-order-medium:0;--awb-spacing-right-medium:3.84%;--awb-spacing-left-medium:3.84%;--awb-width-small:100%;--awb-order-small:0;--awb-spacing-right-small:1.92%;--awb-spacing-left-small:1.92%;\"><div class=\"fusion-column-wrapper fusion-column-has-shadow fusion-flex-justify-content-flex-start fusion-content-layout-column\"><div class=\"fusion-text fusion-text-4\" style=\"--awb-font-size:var(--awb-custom_typography_2-font-size);--awb-line-height:var(--awb-custom_typography_2-line-height);--awb-letter-spacing:var(--awb-custom_typography_2-letter-spacing);--awb-text-transform:var(--awb-custom_typography_2-text-transform);--awb-text-color:var(--awb-color1);--awb-text-font-family:var(--awb-custom_typography_2-font-family);--awb-text-font-weight:var(--awb-custom_typography_2-font-weight);--awb-text-font-style:var(--awb-custom_typography_2-font-style);\"><p>Il nostro team<\/p>\n<\/div><div class=\"fusion-text fusion-text-5\" style=\"--awb-margin-right:20px;\"><p>Il nostro team, giovane e dinamico, ha saputo distinguersi nel tempo, portando l&#8217;azienda a raggiungere numerosi successi.<\/p>\n<p>Con costanza e dedizione, abbiamo costruito una reputazione basata sull&#8217;eccellenza, l&#8217;innovazione tecnologica e l&#8217;affidabilit\u00e0.<\/p>\n<\/div><\/div><\/div><div class=\"fusion-layout-column fusion_builder_column fusion-builder-column-5 fusion_builder_column_1_2 1_2 fusion-flex-column\" style=\"--awb-bg-size:cover;--awb-width-large:50%;--awb-margin-top-large:0px;--awb-spacing-right-large:3.84%;--awb-margin-bottom-large:20px;--awb-spacing-left-large:3.84%;--awb-width-medium:50%;--awb-order-medium:0;--awb-spacing-right-medium:3.84%;--awb-spacing-left-medium:3.84%;--awb-width-small:100%;--awb-order-small:0;--awb-spacing-right-small:1.92%;--awb-spacing-left-small:1.92%;\"><div class=\"fusion-column-wrapper fusion-column-has-shadow fusion-flex-justify-content-flex-start fusion-content-layout-column\"><div class=\"fusion-image-element \" style=\"--awb-caption-title-font-family:var(--h2_typography-font-family);--awb-caption-title-font-weight:var(--h2_typography-font-weight);--awb-caption-title-font-style:var(--h2_typography-font-style);--awb-caption-title-size:var(--h2_typography-font-size);--awb-caption-title-transform:var(--h2_typography-text-transform);--awb-caption-title-line-height:var(--h2_typography-line-height);--awb-caption-title-letter-spacing:var(--h2_typography-letter-spacing);\"><span class=\" fusion-imageframe imageframe-none imageframe-2 hover-type-none\"><img decoding=\"async\" width=\"900\" height=\"600\" alt=\"Team Mts Lavorazioni\" src=\"https:\/\/www.mts-italy.com\/lavorazioni\/wp-content\/uploads\/2025\/03\/team-mts-lavorazioni.webp\" data-orig-src=\"https:\/\/www.mts-italy.com\/lavorazioni\/wp-content\/uploads\/2025\/03\/team-mts-lavorazioni.webp\" class=\"lazyload img-responsive wp-image-208\" srcset=\"data:image\/svg+xml,%3Csvg%20xmlns%3D%27http%3A%2F%2Fwww.w3.org%2F2000%2Fsvg%27%20width%3D%27900%27%20height%3D%27600%27%20viewBox%3D%270%200%20900%20600%27%3E%3Crect%20width%3D%27900%27%20height%3D%27600%27%20fill-opacity%3D%220%22%2F%3E%3C%2Fsvg%3E\" data-srcset=\"https:\/\/www.mts-italy.com\/lavorazioni\/wp-content\/uploads\/2025\/03\/team-mts-lavorazioni-200x133.webp 200w, https:\/\/www.mts-italy.com\/lavorazioni\/wp-content\/uploads\/2025\/03\/team-mts-lavorazioni-300x200.webp 300w, https:\/\/www.mts-italy.com\/lavorazioni\/wp-content\/uploads\/2025\/03\/team-mts-lavorazioni-400x267.webp 400w, https:\/\/www.mts-italy.com\/lavorazioni\/wp-content\/uploads\/2025\/03\/team-mts-lavorazioni-600x400.webp 600w, https:\/\/www.mts-italy.com\/lavorazioni\/wp-content\/uploads\/2025\/03\/team-mts-lavorazioni-768x512.webp 768w, https:\/\/www.mts-italy.com\/lavorazioni\/wp-content\/uploads\/2025\/03\/team-mts-lavorazioni-800x533.webp 800w, https:\/\/www.mts-italy.com\/lavorazioni\/wp-content\/uploads\/2025\/03\/team-mts-lavorazioni.webp 900w\" data-sizes=\"auto\" data-orig-sizes=\"(max-width: 640px) 100vw, 800px\" \/><\/span><\/div><\/div><\/div><\/div><\/div><div class=\"fusion-fullwidth fullwidth-box fusion-builder-row-4 fusion-flex-container has-pattern-background has-mask-background nonhundred-percent-fullwidth non-hundred-percent-height-scrolling\" style=\"--awb-border-radius-top-left:0px;--awb-border-radius-top-right:0px;--awb-border-radius-bottom-right:0px;--awb-border-radius-bottom-left:0px;--awb-margin-top:3%;--awb-margin-bottom:3%;--awb-flex-wrap:wrap;\" ><div class=\"fusion-builder-row fusion-row fusion-flex-align-items-center fusion-flex-content-wrap\" style=\"max-width:1456px;margin-left: calc(-4% \/ 2 );margin-right: calc(-4% \/ 2 );\"><div class=\"fusion-layout-column fusion_builder_column fusion-builder-column-6 fusion_builder_column_1_2 1_2 fusion-flex-column\" style=\"--awb-bg-size:cover;--awb-width-large:50%;--awb-margin-top-large:0px;--awb-spacing-right-large:3.84%;--awb-margin-bottom-large:20px;--awb-spacing-left-large:3.84%;--awb-width-medium:50%;--awb-order-medium:0;--awb-spacing-right-medium:3.84%;--awb-spacing-left-medium:3.84%;--awb-width-small:100%;--awb-order-small:0;--awb-spacing-right-small:1.92%;--awb-spacing-left-small:1.92%;\"><div class=\"fusion-column-wrapper fusion-column-has-shadow fusion-flex-justify-content-flex-start fusion-content-layout-column\"><div class=\"fusion-text fusion-text-6\" style=\"--awb-font-size:var(--awb-custom_typography_2-font-size);--awb-line-height:var(--awb-custom_typography_2-line-height);--awb-letter-spacing:var(--awb-custom_typography_2-letter-spacing);--awb-text-transform:var(--awb-custom_typography_2-text-transform);--awb-text-color:var(--awb-color1);--awb-text-font-family:var(--awb-custom_typography_2-font-family);--awb-text-font-weight:var(--awb-custom_typography_2-font-weight);--awb-text-font-style:var(--awb-custom_typography_2-font-style);\"><p>Le nostre collaborazioni<\/p>\n<\/div><div class=\"fusion-text fusion-text-7\" style=\"--awb-margin-right:20px;\"><p>Grazie alla nostra vasta rete di fornitori qualificati, siamo in grado di offrire ai nostri clienti prodotti completi di vari trattamenti termici, inclusa la verniciatura finale.<\/p>\n<p>Siamo fieri del nostro percorso e continuiamo a crescere, focalizzandoci sui valori che ci hanno guidato sin dal principio e mantenendo il cliente sempre al centro.<\/p>\n<\/div><\/div><\/div><div class=\"fusion-layout-column fusion_builder_column fusion-builder-column-7 fusion_builder_column_1_2 1_2 fusion-flex-column desk-meno-uno\" style=\"--awb-bg-size:cover;--awb-width-large:50%;--awb-margin-top-large:0px;--awb-spacing-right-large:3.84%;--awb-margin-bottom-large:20px;--awb-spacing-left-large:3.84%;--awb-width-medium:50%;--awb-order-medium:0;--awb-spacing-right-medium:3.84%;--awb-spacing-left-medium:3.84%;--awb-width-small:100%;--awb-order-small:0;--awb-spacing-right-small:1.92%;--awb-spacing-left-small:1.92%;\" data-scroll-devices=\"small-visibility,medium-visibility,large-visibility\"><div class=\"fusion-column-wrapper fusion-column-has-shadow fusion-flex-justify-content-flex-start fusion-content-layout-column\"><div class=\"fusion-image-element \" style=\"--awb-caption-title-font-family:var(--h2_typography-font-family);--awb-caption-title-font-weight:var(--h2_typography-font-weight);--awb-caption-title-font-style:var(--h2_typography-font-style);--awb-caption-title-size:var(--h2_typography-font-size);--awb-caption-title-transform:var(--h2_typography-text-transform);--awb-caption-title-line-height:var(--h2_typography-line-height);--awb-caption-title-letter-spacing:var(--h2_typography-letter-spacing);\"><span class=\" fusion-imageframe imageframe-none imageframe-3 hover-type-none\"><img decoding=\"async\" width=\"900\" height=\"600\" alt=\"MTS collaborazioni\" src=\"https:\/\/www.mts-italy.com\/lavorazioni\/wp-content\/uploads\/2025\/03\/mts-collaborazioni.webp\" data-orig-src=\"https:\/\/www.mts-italy.com\/lavorazioni\/wp-content\/uploads\/2025\/03\/mts-collaborazioni.webp\" class=\"lazyload img-responsive wp-image-228\" srcset=\"data:image\/svg+xml,%3Csvg%20xmlns%3D%27http%3A%2F%2Fwww.w3.org%2F2000%2Fsvg%27%20width%3D%27900%27%20height%3D%27600%27%20viewBox%3D%270%200%20900%20600%27%3E%3Crect%20width%3D%27900%27%20height%3D%27600%27%20fill-opacity%3D%220%22%2F%3E%3C%2Fsvg%3E\" data-srcset=\"https:\/\/www.mts-italy.com\/lavorazioni\/wp-content\/uploads\/2025\/03\/mts-collaborazioni-200x133.webp 200w, https:\/\/www.mts-italy.com\/lavorazioni\/wp-content\/uploads\/2025\/03\/mts-collaborazioni-300x200.webp 300w, https:\/\/www.mts-italy.com\/lavorazioni\/wp-content\/uploads\/2025\/03\/mts-collaborazioni-400x267.webp 400w, https:\/\/www.mts-italy.com\/lavorazioni\/wp-content\/uploads\/2025\/03\/mts-collaborazioni-600x400.webp 600w, https:\/\/www.mts-italy.com\/lavorazioni\/wp-content\/uploads\/2025\/03\/mts-collaborazioni-768x512.webp 768w, https:\/\/www.mts-italy.com\/lavorazioni\/wp-content\/uploads\/2025\/03\/mts-collaborazioni-800x533.webp 800w, https:\/\/www.mts-italy.com\/lavorazioni\/wp-content\/uploads\/2025\/03\/mts-collaborazioni.webp 900w\" data-sizes=\"auto\" data-orig-sizes=\"(max-width: 640px) 100vw, 800px\" \/><\/span><\/div><\/div><\/div><\/div><\/div><\/p>\n","protected":false},"excerpt":{"rendered":"","protected":false},"author":1,"featured_media":0,"parent":0,"menu_order":0,"comment_status":"closed","ping_status":"closed","template":"100-width.php","meta":{"_acf_changed":false,"_monsterinsights_skip_tracking":false,"_monsterinsights_sitenote_active":false,"_monsterinsights_sitenote_note":"","_monsterinsights_sitenote_category":0,"footnotes":""},"class_list":["post-134","page","type-page","status-publish","hentry"],"acf":[],"yoast_head":"<!-- This site is optimized with the Yoast SEO plugin v24.6 - https:\/\/yoast.com\/wordpress\/plugins\/seo\/ -->\n<title>Officina meccanica Brescia e Bergamo<\/title>\n<meta name=\"description\" content=\"Con oltre 40 anni di esperienza, MTS Lavorazioni Meccaniche \u00e8 un officina meccanica che \u00e8 sinonimo di innovazione, affidabilit\u00e0 e qualit\u00e0.\" \/>\n<meta name=\"robots\" content=\"index, follow, max-snippet:-1, max-image-preview:large, max-video-preview:-1\" \/>\n<link rel=\"canonical\" href=\"https:\/\/www.mts-italy.com\/lavorazioni\/officina-meccanica\/\" \/>\n<meta property=\"og:locale\" content=\"it_IT\" \/>\n<meta property=\"og:type\" content=\"article\" \/>\n<meta property=\"og:title\" content=\"Officina meccanica Brescia e Bergamo\" \/>\n<meta property=\"og:description\" content=\"Con oltre 40 anni di esperienza, MTS Lavorazioni Meccaniche \u00e8 un officina meccanica che \u00e8 sinonimo di innovazione, affidabilit\u00e0 e qualit\u00e0.\" \/>\n<meta property=\"og:url\" content=\"https:\/\/www.mts-italy.com\/lavorazioni\/officina-meccanica\/\" \/>\n<meta property=\"og:site_name\" content=\"MTS Lavorazioni Meccaniche\" \/>\n<meta property=\"article:modified_time\" content=\"2025-10-20T14:48:53+00:00\" \/>\n<meta name=\"twitter:card\" content=\"summary_large_image\" \/>\n<meta name=\"twitter:label1\" content=\"Tempo di lettura stimato\" \/>\n\t<meta name=\"twitter:data1\" content=\"3 minuti\" \/>\n<script type=\"application\/ld+json\" class=\"yoast-schema-graph\">{\"@context\":\"https:\/\/schema.org\",\"@graph\":[{\"@type\":\"WebPage\",\"@id\":\"https:\/\/www.mts-italy.com\/lavorazioni\/officina-meccanica\/\",\"url\":\"https:\/\/www.mts-italy.com\/lavorazioni\/officina-meccanica\/\",\"name\":\"Officina meccanica Brescia e Bergamo\",\"isPartOf\":{\"@id\":\"https:\/\/www.mts-italy.com\/lavorazioni\/#website\"},\"datePublished\":\"2025-02-14T08:09:04+00:00\",\"dateModified\":\"2025-10-20T14:48:53+00:00\",\"description\":\"Con oltre 40 anni di esperienza, MTS Lavorazioni Meccaniche \u00e8 un officina meccanica che \u00e8 sinonimo di innovazione, affidabilit\u00e0 e qualit\u00e0.\",\"breadcrumb\":{\"@id\":\"https:\/\/www.mts-italy.com\/lavorazioni\/officina-meccanica\/#breadcrumb\"},\"inLanguage\":\"it-IT\",\"potentialAction\":[{\"@type\":\"ReadAction\",\"target\":[\"https:\/\/www.mts-italy.com\/lavorazioni\/officina-meccanica\/\"]}]},{\"@type\":\"BreadcrumbList\",\"@id\":\"https:\/\/www.mts-italy.com\/lavorazioni\/officina-meccanica\/#breadcrumb\",\"itemListElement\":[{\"@type\":\"ListItem\",\"position\":1,\"name\":\"Home\",\"item\":\"https:\/\/www.mts-italy.com\/lavorazioni\/\"},{\"@type\":\"ListItem\",\"position\":2,\"name\":\"Chi siamo\"}]},{\"@type\":\"WebSite\",\"@id\":\"https:\/\/www.mts-italy.com\/lavorazioni\/#website\",\"url\":\"https:\/\/www.mts-italy.com\/lavorazioni\/\",\"name\":\"MTS Lavorazioni Meccaniche\",\"description\":\"\",\"potentialAction\":[{\"@type\":\"SearchAction\",\"target\":{\"@type\":\"EntryPoint\",\"urlTemplate\":\"https:\/\/www.mts-italy.com\/lavorazioni\/?s={search_term_string}\"},\"query-input\":{\"@type\":\"PropertyValueSpecification\",\"valueRequired\":true,\"valueName\":\"search_term_string\"}}],\"inLanguage\":\"it-IT\"}]}<\/script>\n<!-- \/ Yoast SEO plugin. -->","yoast_head_json":{"title":"Officina meccanica Brescia e Bergamo","description":"Con oltre 40 anni di esperienza, MTS Lavorazioni Meccaniche \u00e8 un officina meccanica che \u00e8 sinonimo di innovazione, affidabilit\u00e0 e qualit\u00e0.","robots":{"index":"index","follow":"follow","max-snippet":"max-snippet:-1","max-image-preview":"max-image-preview:large","max-video-preview":"max-video-preview:-1"},"canonical":"https:\/\/www.mts-italy.com\/lavorazioni\/officina-meccanica\/","og_locale":"it_IT","og_type":"article","og_title":"Officina meccanica Brescia e Bergamo","og_description":"Con oltre 40 anni di esperienza, MTS Lavorazioni Meccaniche \u00e8 un officina meccanica che \u00e8 sinonimo di innovazione, affidabilit\u00e0 e qualit\u00e0.","og_url":"https:\/\/www.mts-italy.com\/lavorazioni\/officina-meccanica\/","og_site_name":"MTS Lavorazioni Meccaniche","article_modified_time":"2025-10-20T14:48:53+00:00","twitter_card":"summary_large_image","twitter_misc":{"Tempo di lettura stimato":"3 minuti"},"schema":{"@context":"https:\/\/schema.org","@graph":[{"@type":"WebPage","@id":"https:\/\/www.mts-italy.com\/lavorazioni\/officina-meccanica\/","url":"https:\/\/www.mts-italy.com\/lavorazioni\/officina-meccanica\/","name":"Officina meccanica Brescia e Bergamo","isPartOf":{"@id":"https:\/\/www.mts-italy.com\/lavorazioni\/#website"},"datePublished":"2025-02-14T08:09:04+00:00","dateModified":"2025-10-20T14:48:53+00:00","description":"Con oltre 40 anni di esperienza, MTS Lavorazioni Meccaniche \u00e8 un officina meccanica che \u00e8 sinonimo di innovazione, affidabilit\u00e0 e qualit\u00e0.","breadcrumb":{"@id":"https:\/\/www.mts-italy.com\/lavorazioni\/officina-meccanica\/#breadcrumb"},"inLanguage":"it-IT","potentialAction":[{"@type":"ReadAction","target":["https:\/\/www.mts-italy.com\/lavorazioni\/officina-meccanica\/"]}]},{"@type":"BreadcrumbList","@id":"https:\/\/www.mts-italy.com\/lavorazioni\/officina-meccanica\/#breadcrumb","itemListElement":[{"@type":"ListItem","position":1,"name":"Home","item":"https:\/\/www.mts-italy.com\/lavorazioni\/"},{"@type":"ListItem","position":2,"name":"Chi siamo"}]},{"@type":"WebSite","@id":"https:\/\/www.mts-italy.com\/lavorazioni\/#website","url":"https:\/\/www.mts-italy.com\/lavorazioni\/","name":"MTS Lavorazioni Meccaniche","description":"","potentialAction":[{"@type":"SearchAction","target":{"@type":"EntryPoint","urlTemplate":"https:\/\/www.mts-italy.com\/lavorazioni\/?s={search_term_string}"},"query-input":{"@type":"PropertyValueSpecification","valueRequired":true,"valueName":"search_term_string"}}],"inLanguage":"it-IT"}]}},"_links":{"self":[{"href":"https:\/\/www.mts-italy.com\/lavorazioni\/wp-json\/wp\/v2\/pages\/134","targetHints":{"allow":["GET"]}}],"collection":[{"href":"https:\/\/www.mts-italy.com\/lavorazioni\/wp-json\/wp\/v2\/pages"}],"about":[{"href":"https:\/\/www.mts-italy.com\/lavorazioni\/wp-json\/wp\/v2\/types\/page"}],"author":[{"embeddable":true,"href":"https:\/\/www.mts-italy.com\/lavorazioni\/wp-json\/wp\/v2\/users\/1"}],"replies":[{"embeddable":true,"href":"https:\/\/www.mts-italy.com\/lavorazioni\/wp-json\/wp\/v2\/comments?post=134"}],"version-history":[{"count":5,"href":"https:\/\/www.mts-italy.com\/lavorazioni\/wp-json\/wp\/v2\/pages\/134\/revisions"}],"predecessor-version":[{"id":326,"href":"https:\/\/www.mts-italy.com\/lavorazioni\/wp-json\/wp\/v2\/pages\/134\/revisions\/326"}],"wp:attachment":[{"href":"https:\/\/www.mts-italy.com\/lavorazioni\/wp-json\/wp\/v2\/media?parent=134"}],"curies":[{"name":"wp","href":"https:\/\/api.w.org\/{rel}","templated":true}]}}