{"id":5592,"date":"2022-08-04T15:58:51","date_gmt":"2022-08-04T13:58:51","guid":{"rendered":"https:\/\/mtsitaly.kinsta.cloud\/privacy\/"},"modified":"2022-12-02T14:39:21","modified_gmt":"2022-12-02T13:39:21","slug":"privacy","status":"publish","type":"page","link":"https:\/\/www.mts-italy.com\/de\/privacy\/","title":{"rendered":"Privacy"},"content":{"rendered":"<div class=\"fusion-fullwidth fullwidth-box fusion-builder-row-1 fusion-flex-container nonhundred-percent-fullwidth non-hundred-percent-height-scrolling\" style=\"--awb-border-radius-top-left:0px;--awb-border-radius-top-right:0px;--awb-border-radius-bottom-right:0px;--awb-border-radius-bottom-left:0px;--awb-flex-wrap:wrap;\" ><div class=\"fusion-builder-row fusion-row fusion-flex-align-items-flex-start fusion-flex-content-wrap\" style=\"max-width:1216.8px;margin-left: calc(-4% \/ 2 );margin-right: calc(-4% \/ 2 );\"><div class=\"fusion-layout-column fusion_builder_column fusion-builder-column-0 fusion_builder_column_1_1 1_1 fusion-flex-column\" style=\"--awb-bg-size:cover;--awb-width-large:100%;--awb-margin-top-large:0px;--awb-spacing-right-large:1.92%;--awb-margin-bottom-large:20px;--awb-spacing-left-large:1.92%;--awb-width-medium:100%;--awb-order-medium:0;--awb-spacing-right-medium:1.92%;--awb-spacing-left-medium:1.92%;--awb-width-small:100%;--awb-order-small:0;--awb-spacing-right-small:1.92%;--awb-spacing-left-small:1.92%;\"><div class=\"fusion-column-wrapper fusion-column-has-shadow fusion-flex-justify-content-flex-start fusion-content-layout-column\"><div class=\"fusion-title title fusion-title-1 fusion-title-text fusion-title-size-one\"><div class=\"title-sep-container title-sep-container-left fusion-no-large-visibility fusion-no-medium-visibility fusion-no-small-visibility\"><div class=\"title-sep sep- sep-solid\" style=\"border-color:var(--awb-color3);\"><\/div><\/div><span class=\"awb-title-spacer fusion-no-large-visibility fusion-no-medium-visibility fusion-no-small-visibility\"><\/span><h1 class=\"fusion-title-heading title-heading-left fusion-responsive-typography-calculated\" style=\"margin:0;text-transform:capitalize;--fontSize:40;line-height:1.2;\">Privacy<\/h1><span class=\"awb-title-spacer\"><\/span><div class=\"title-sep-container title-sep-container-right\"><div class=\"title-sep sep- sep-solid\" style=\"border-color:var(--awb-color3);\"><\/div><\/div><\/div><div class=\"fusion-text fusion-text-1\"><h3><strong>Informationsdokument und Antrag auf Bewilligung zur Verarbeitung personenbezogener Daten gem\u00e4\u00df Art. 6.1A der Europ\u00e4ische Datenschutzverordnung 2016\/679 (EU-DSGVO)<\/strong><\/h3>\n<p>In \u00dcbereinstimmung mit den Verpflichtungen aus der Europ\u00e4ische Datenschutzverordnung 2016\/679 (EU-DSGVO) die Verarbeitung der personenbezogenen Daten ( Datenschutzverordnung ) in Kraft vom 25. Mai 2018, m\u00f6chten wir Sie darauf hinweisen, dass <b>M.T.S. Srl\u00a0<\/b>mit Sitz in <strong>Via Alessandro Volta, 5 25030 Provaglio d&#8217;Iseo (BS) Italia<\/strong>\u00a0(di seguito la \u201cSociet\u00e0\u201d) sottoporr\u00e0 a trattamento i dati personali che riguardano Lei\/Voi e che ci sono stati o che ci verranno da Lei\/Voi o da altri comunicati. Il trattamento dei dati personali sar\u00e0 effettuato nel rispetto delle norme in vigore ed alle seguenti condizioni.<\/p>\n<p>(nachfolgend &#8222;Unternehmen&#8220;) Ihre\/Eure personenbezogenen Daten die uns von Ihnen\/Euch oder Dritten \u00fcbermittelt wurden\/werden verarbeiten wird. Die Verarbeitung personenbezogener Daten wird in \u00dcbereinstimmung mit den geltenden Vorschriften und unter folgenden Bedingungen erfolgen.<\/p>\n<h2>Zweck der Datenverarbeitung<\/h2>\n<p>Die Datenverarbeitung zielt ausnahmslos auf die Erreichung folgender Ziele ab:<\/p>\n<p>a) f\u00fcr einleitende Erfordernisse zum Abschluss von Verkaufsvertr\u00e4gen und deren Abwicklung bzw. zur Durchsetzung der daraus entstehenden Rechte;<\/p>\n<p>b) zur Erf\u00fcllung jeder Art von Verpflichtungen basierend auf geltenden Gesetzen und Vorschriften insbesondere in steuerlicher Hinsicht;<\/p>\n<p>c) aus Erfordernissen der Betriebssicherheit, Management und Buchhaltung;<\/p>\n<p>d) zur Registrierung der Zug\u00e4nge zu der Internetseite des Unternehmens und der Inanspruchnahme der Serviceleistungen, die die Webseite bietet;<\/p>\n<p>e) zum begleitenden Monitoring der Entwicklung der Gesch\u00e4ftsbeziehungen mit den Kunden und\/oder der damit verbundenen Risiken bzw mit dem Ziel der allgemeinen Verbesserung der Beziehungen;<\/p>\n<p>f) zu kommerziellen Zwecken und strategischen und operativen Marketing.<\/p>\n<h2>Datenverarbeitungsmethoden<\/h2>\n<p>Die Verarbeitung der Daten kann neben der einfachen Dateneinholung in deren Registrierung, Organisation, Strukturierung, Speicherung, Anpassung, \u00c4nderung, Extraktion, Konsultation, Nutzung, Kommunikation durch \u00dcbertragung, Verbreitung oder jede andere Form der Bereitstellung, Vergleich oder Zusammenschaltung, Beschr\u00e4nkung, L\u00f6schung oder Vernichtung bestehen und kann sowohl\u00a0 in Papierform als auch durch den Einsatz von EDV Ger\u00e4ten, Computern und elektronischen Instrumenten\u00a0 erfolgen,\u00a0 in angemessener Weise und mit geeigneten Mitteln, die die Sicherheit und Vertraulichkeit der Daten gew\u00e4hrleisten, gem\u00e4\u00df den Bestimmungen der Artikel 32 und folgenden der Europ\u00e4ische Datenschutzverordnung 2016\/679 (EU-DSGVO), \u00fcber die &#8222;Sicherheit personenbezogener Daten&#8220;.<\/p>\n<p>Insbesondere werden alle technischen, computertechnologischen, organisatorischen, logistischen und prozessualen Sicherheitsma\u00dfnahmen, die dem Grad der Gef\u00e4hrdung angemessen sind, je nach Art der Daten erlassen.<\/p>\n<p>Die angewandte Methodik garantiert dar\u00fcber hinaus, dass der Zugang zu den Daten nur den Personen erm\u00f6glicht wird, die von unserem Unternehmen mit der Datenverarbeitung beauftragt sind.<\/p>\n<h2>Daten\u00fcbertragung<\/h2>\n<p>Die Daten\u00fcbertragung ist:<\/p>\n<p>a) obligatorisch zur Erreichung der Zielsetzungen, die durch die vorgesehenen Gesetzespflichten und anderen bindenden Verpflichtungen gegeben sind;<\/p>\n<p>b) Notwendig f\u00fcr den korrekten Aufbau und Fortsetzung der mit Ihnen\/Euch etablierten Beziehung.<\/p>\n<p>Ein eventuelles Verweigern der Datenerteilung, wenn auch m\u00f6glicherweise legitim, k\u00f6nnte den regul\u00e4ren Verlauf der Gesch\u00e4ftsbeziehung mit unserem Unternehmen und, im Speziellen, eine Ausf\u00fchrung Ihres\/Eures Auftrages sowie dre Erbringung gew\u00fcnschter Leistungen und die dies bez\u00fcgliche Rechnungserstellung unm\u00f6glich machen.<\/p>\n<h2>Mitteilung und Datenverbreitung<\/h2>\n<p>Die \u00dcbermittlung der gesammelten, pers\u00f6nlichen Daten an externe Einrichtungen zum Zweck laut Punkt 1 kann nur erfolgen wenn:<\/p>\n<p>a) jene Mitteilung obligatorisch ist, um die Einhaltung der gesetzlich vorgesehenen Verpflichtungen und anderer bindender Regelungen zu gew\u00e4hrleisten;<\/p>\n<p>b) jene Mitteilung obligatorisch ist, um einen korrekten Aufbau und Fortsetzung der mit Ihnen\/Euch gepflegten Gesch\u00e4ftsbeziehung zu gew\u00e4hrleisten.<\/p>\n<p>Die gesammelten pers\u00f6nlichen Daten zur Erreichung der oben aufgef\u00fchrten Zielsetzungen k\u00f6nnen soweit dies in die spezifische Fachkompetenz der \u00f6ffentlichen oder privaten Einrichtungen, physischer und\/oder\u00a0 juristischer Personen mit kommerziellen Zielsetzungen und \/oder\u00a0 jener, die im Management von Informationssystemen und\/oder Zahlungssystemen t\u00e4tig sind, eingeschlossen die externen Einrichtungen, die f\u00fcr unser Unternehmen spezifische Aufgaben ausf\u00fchren, zur Verf\u00fcgung gestellt werden.<\/p>\n<p>Im Speziellen k\u00f6nnen die Daten folgenden Kategorien von Einrichtungen bekannt gegeben werden: Vertriebsnetzen, Bankinstituten und Unternehmen, die auf Zahlungsmanagement spezialisiert sind, Anwaltskanzleien, Beratungsunternehmen, Unternehmen, die von unserem Unternehmen mit der Bilanzpr\u00fcfung beauftragt sind, \u00f6ffentlichen Beh\u00f6rden und Verwaltungen, wo dies gesetzlich vorgeschrieben ist, italienischen und ausl\u00e4ndischen Zulieferern, Finanzierungs- und Transportunternehmen, an Dritte, die mit der Qualit\u00e4tskontrolle des kommerziellen-logistischen Verlaufes beauftragt sind und an alle Firmen, die unserer Unternehmensgruppe angeh\u00f6ren.<\/p>\n<p>Die Daten k\u00f6nnen ferner in Blockform, anonym und f\u00fcr statistische Zwecke verbreitet werden.<\/p>\n<h2>Datenweiterleitung ins Ausland<\/h2>\n<p>Innerhalb der engsten notwenigen Grenzen zur Ausf\u00fchrung des Vertragsverh\u00e4ltnisses mit Ihnen\/Euch, Ihre\/eure pers\u00f6nlichen Daten k\u00f6nnen an Dritte ( wie Zulieferer ) im Ausland, innerhalb und au\u00dferhalb der Europ\u00e4ischen Union mitgeteilt werden, immer in Bezug auf die Regeln in der Kunst enthalten. 44 bis 50 der Europ\u00e4ische Datenschutzverordnung 2016\/679 (EU-DSGVO).<\/p>\n<h2>Rechte des Betroffenen<\/h2>\n<p>Gem\u00e4\u00df Artikel 12, 15 und 22 der Europ\u00e4ische Datenschutzverordnung 2016\/679 (EU-DSGVO), Sie\/Sie haben das Recht, mit den Anforderungen und innerhalb der Grenzen der genannten Verordnung zu verlangen:<\/p>\n<ol>\n<li>Zugriff auf Ihre pers\u00f6nlichen Daten<\/li>\n<li>Berichtigung der nicht genauen personenbezogenen Daten<\/li>\n<li>Pers\u00f6nliche Daten l\u00f6schen<\/li>\n<li>Einschr\u00e4nken der Verarbeitung personenbezogener Daten<\/li>\n<li>Benachrichtigung im Falle der Berichtigung, L\u00f6schung oder Einschr\u00e4nkung von personenbezogenen Daten<\/li>\n<li>\u00dcbertragbarkeit personenbezogener Daten<\/li>\n<li>Widerspruch gegen die Verarbeitung personenbezogener Daten<\/li>\n<li>Im Hinblick auf automatisierte Entscheidungsfindungsprozesse (einschlie\u00dflich Profilerstellung):<br \/>\na) Menschliche Eingriffe vom Eigent\u00fcmer erhalten<br \/>\nb) \u00c4u\u00dfern Sie Ihre Meinung<br \/>\nc) Anfechtung der Entscheidung<\/li>\n<\/ol>\n<h2>Inhaber und Verantwortlicher<\/h2>\n<p>Wir best\u00e4tigen Ihnen\/Euch, dass die Institution mit Sitz in\u00a0<b>Via Alessandro Volta, 5 25050 Provaglio d&#8217;Iseo (BS), Italien. <\/b>der Inhaber der Datenverarbeitung durch den zeitbefristeten, rechtlichen Stellvertreter repr\u00e4sentiert wird.<\/p>\n<p>Der Verantwortliche f\u00fcr die Bearbeitung Ihrer\/Eurer pers\u00f6nlichen Daten ist zur Ausf\u00fchrung dieses Auftrages am Sitz\u00a0 des Unternehmens wohnhaft und ist auch der Verantwortliche der EDV ; er\/sie kann an der folgenden e-mail Adresse <a href=\"mailto:info@mts-italy.com\">info@mts-italy.com<\/a> kontaktiert.<\/p>\n<h2>Wie Google die Daten verwendet<\/h2>\n<p>Wir m\u00f6chten Ihnen\/Euch mitteilen, dass Diese Website werden Google-Technologien eingesetzt, um die Inhalte zu verbessern und auf Dauer eine kostenlose Nutzung zu erm\u00f6glichen.\u00a0Weitere Informationen finden Sie unter folgendem Link: <a href=\"https:\/\/policies.google.com\/privacy\/partners?hl=it\">https:\/\/policies.google.com\/privacy\/partners?hl=it<\/a><\/p>\n<h2>Zustimmung zur Datenbearbeitung<\/h2>\n<p>Wir m\u00f6chten Ihnen\/Euch zum Schluss mitteilen, dass Ihnen \/Euch die Zustimmung zur Bearbeitung der pers\u00f6nlichen Daten auf die Art und Weise und zum Zweck wie dies oben beschrieben wird, frei steht. Im Fall, dass Sie\/Ihr die Zustimmung verweigern\/t, kann unser Unternehmen Ihre\/Eure pers\u00f6nlichen Daten nicht erfassen bzw. Bearbeiten, und kann diese nur gem\u00e4\u00df der vorgeschriebenen rechtlichen Verpflichtungen, oder gem\u00e4\u00df anderer bestehender Vorschriften nutzen, allerdings mit den m\u00f6glichen unter Punkt 3 beschriebenen Konsequenzen.<\/p>\n<p>Was Sie\/Sie wissen, die Europ\u00e4ische Datenschutzverordnung 2016\/679 (EU-DSGVO) sieht vor, dass die Verarbeitung personenbezogener Daten mit Zustimmung der betreffenden Person erfolgt, mit Ausnahme von Ausschluss F\u00e4llen, die ausdr\u00fccklich durch das Gesetz. Aus diesem Grund laden wir Sie ein, die elektronische Form des Antrags auf Einwilligung als Bescheinigung des Eingangs der in diesem informativen schreiben genannten Informationen auszuf\u00fcllen, sowie die Einwilligung zur Verarbeitung der personenbezogenen Daten.<\/p>\n<\/div><\/div><\/div><\/div><\/div>\n","protected":false},"excerpt":{"rendered":"","protected":false},"author":2,"featured_media":0,"parent":0,"menu_order":0,"comment_status":"closed","ping_status":"closed","template":"","meta":{"_acf_changed":false,"_monsterinsights_skip_tracking":false,"_monsterinsights_sitenote_active":false,"_monsterinsights_sitenote_note":"","_monsterinsights_sitenote_category":0,"footnotes":""},"class_list":["post-5592","page","type-page","status-publish","hentry"],"acf":[],"yoast_head":"<!-- This site is optimized with the Yoast SEO plugin v23.1 - https:\/\/yoast.com\/wordpress\/plugins\/seo\/ -->\n<title>Privacy - MTS Italy<\/title>\n<meta name=\"robots\" content=\"index, follow, max-snippet:-1, max-image-preview:large, max-video-preview:-1\" \/>\n<link rel=\"canonical\" href=\"https:\/\/www.mts-italy.com\/de\/privacy\/\" \/>\n<meta property=\"og:locale\" content=\"de_DE\" \/>\n<meta property=\"og:type\" content=\"article\" \/>\n<meta property=\"og:title\" content=\"Privacy - MTS Italy\" \/>\n<meta property=\"og:url\" content=\"https:\/\/www.mts-italy.com\/de\/privacy\/\" \/>\n<meta property=\"og:site_name\" content=\"MTS Italy\" \/>\n<meta property=\"article:modified_time\" content=\"2022-12-02T13:39:21+00:00\" \/>\n<meta name=\"twitter:card\" content=\"summary_large_image\" \/>\n<meta name=\"twitter:label1\" content=\"Gesch\u00e4tzte Lesezeit\" \/>\n\t<meta name=\"twitter:data1\" content=\"10 Minuten\" \/>\n<script type=\"application\/ld+json\" class=\"yoast-schema-graph\">{\"@context\":\"https:\/\/schema.org\",\"@graph\":[{\"@type\":\"WebPage\",\"@id\":\"https:\/\/www.mts-italy.com\/de\/privacy\/\",\"url\":\"https:\/\/www.mts-italy.com\/de\/privacy\/\",\"name\":\"Privacy - MTS Italy\",\"isPartOf\":{\"@id\":\"https:\/\/mtsitaly.kinsta.cloud\/#website\"},\"datePublished\":\"2022-08-04T13:58:51+00:00\",\"dateModified\":\"2022-12-02T13:39:21+00:00\",\"breadcrumb\":{\"@id\":\"https:\/\/www.mts-italy.com\/de\/privacy\/#breadcrumb\"},\"inLanguage\":\"de-DE\",\"potentialAction\":[{\"@type\":\"ReadAction\",\"target\":[\"https:\/\/www.mts-italy.com\/de\/privacy\/\"]}]},{\"@type\":\"BreadcrumbList\",\"@id\":\"https:\/\/www.mts-italy.com\/de\/privacy\/#breadcrumb\",\"itemListElement\":[{\"@type\":\"ListItem\",\"position\":1,\"name\":\"Home\",\"item\":\"https:\/\/www.mts-italy.com\/de\/\"},{\"@type\":\"ListItem\",\"position\":2,\"name\":\"Privacy\"}]},{\"@type\":\"WebSite\",\"@id\":\"https:\/\/mtsitaly.kinsta.cloud\/#website\",\"url\":\"https:\/\/mtsitaly.kinsta.cloud\/\",\"name\":\"MTS Italy\",\"description\":\"Realizzazione macchine per la lavorazione del tubo\",\"potentialAction\":[{\"@type\":\"SearchAction\",\"target\":{\"@type\":\"EntryPoint\",\"urlTemplate\":\"https:\/\/mtsitaly.kinsta.cloud\/?s={search_term_string}\"},\"query-input\":\"required name=search_term_string\"}],\"inLanguage\":\"de-DE\"}]}<\/script>\n<!-- \/ Yoast SEO plugin. -->","yoast_head_json":{"title":"Privacy - MTS Italy","robots":{"index":"index","follow":"follow","max-snippet":"max-snippet:-1","max-image-preview":"max-image-preview:large","max-video-preview":"max-video-preview:-1"},"canonical":"https:\/\/www.mts-italy.com\/de\/privacy\/","og_locale":"de_DE","og_type":"article","og_title":"Privacy - MTS Italy","og_url":"https:\/\/www.mts-italy.com\/de\/privacy\/","og_site_name":"MTS Italy","article_modified_time":"2022-12-02T13:39:21+00:00","twitter_card":"summary_large_image","twitter_misc":{"Gesch\u00e4tzte Lesezeit":"10 Minuten"},"schema":{"@context":"https:\/\/schema.org","@graph":[{"@type":"WebPage","@id":"https:\/\/www.mts-italy.com\/de\/privacy\/","url":"https:\/\/www.mts-italy.com\/de\/privacy\/","name":"Privacy - MTS Italy","isPartOf":{"@id":"https:\/\/mtsitaly.kinsta.cloud\/#website"},"datePublished":"2022-08-04T13:58:51+00:00","dateModified":"2022-12-02T13:39:21+00:00","breadcrumb":{"@id":"https:\/\/www.mts-italy.com\/de\/privacy\/#breadcrumb"},"inLanguage":"de-DE","potentialAction":[{"@type":"ReadAction","target":["https:\/\/www.mts-italy.com\/de\/privacy\/"]}]},{"@type":"BreadcrumbList","@id":"https:\/\/www.mts-italy.com\/de\/privacy\/#breadcrumb","itemListElement":[{"@type":"ListItem","position":1,"name":"Home","item":"https:\/\/www.mts-italy.com\/de\/"},{"@type":"ListItem","position":2,"name":"Privacy"}]},{"@type":"WebSite","@id":"https:\/\/mtsitaly.kinsta.cloud\/#website","url":"https:\/\/mtsitaly.kinsta.cloud\/","name":"MTS Italy","description":"Realizzazione macchine per la lavorazione del tubo","potentialAction":[{"@type":"SearchAction","target":{"@type":"EntryPoint","urlTemplate":"https:\/\/mtsitaly.kinsta.cloud\/?s={search_term_string}"},"query-input":"required name=search_term_string"}],"inLanguage":"de-DE"}]}},"publishpress_future_action":{"enabled":false,"date":"2026-05-13 15:08:29","action":"change-status","newStatus":"draft","terms":[],"taxonomy":"translation_priority"},"_links":{"self":[{"href":"https:\/\/www.mts-italy.com\/de\/wp-json\/wp\/v2\/pages\/5592"}],"collection":[{"href":"https:\/\/www.mts-italy.com\/de\/wp-json\/wp\/v2\/pages"}],"about":[{"href":"https:\/\/www.mts-italy.com\/de\/wp-json\/wp\/v2\/types\/page"}],"author":[{"embeddable":true,"href":"https:\/\/www.mts-italy.com\/de\/wp-json\/wp\/v2\/users\/2"}],"replies":[{"embeddable":true,"href":"https:\/\/www.mts-italy.com\/de\/wp-json\/wp\/v2\/comments?post=5592"}],"version-history":[{"count":1,"href":"https:\/\/www.mts-italy.com\/de\/wp-json\/wp\/v2\/pages\/5592\/revisions"}],"predecessor-version":[{"id":7005,"href":"https:\/\/www.mts-italy.com\/de\/wp-json\/wp\/v2\/pages\/5592\/revisions\/7005"}],"wp:attachment":[{"href":"https:\/\/www.mts-italy.com\/de\/wp-json\/wp\/v2\/media?parent=5592"}],"curies":[{"name":"wp","href":"https:\/\/api.w.org\/{rel}","templated":true}]}}