{"id":5573,"date":"2022-08-04T15:40:09","date_gmt":"2022-08-04T13:40:09","guid":{"rendered":"https:\/\/mtsitaly.kinsta.cloud\/note-legali\/"},"modified":"2022-12-02T14:56:55","modified_gmt":"2022-12-02T13:56:55","slug":"legal-merkmal","status":"publish","type":"page","link":"https:\/\/www.mts-italy.com\/de\/legal-merkmal\/","title":{"rendered":"Legal merkmal"},"content":{"rendered":"<div class=\"fusion-fullwidth fullwidth-box fusion-builder-row-1 fusion-flex-container nonhundred-percent-fullwidth non-hundred-percent-height-scrolling\" style=\"--awb-border-radius-top-left:0px;--awb-border-radius-top-right:0px;--awb-border-radius-bottom-right:0px;--awb-border-radius-bottom-left:0px;--awb-flex-wrap:wrap;\" ><div class=\"fusion-builder-row fusion-row fusion-flex-align-items-flex-start fusion-flex-content-wrap\" style=\"max-width:1216.8px;margin-left: calc(-4% \/ 2 );margin-right: calc(-4% \/ 2 );\"><div class=\"fusion-layout-column fusion_builder_column fusion-builder-column-0 fusion_builder_column_1_1 1_1 fusion-flex-column\" style=\"--awb-bg-size:cover;--awb-width-large:100%;--awb-margin-top-large:0px;--awb-spacing-right-large:1.92%;--awb-margin-bottom-large:20px;--awb-spacing-left-large:1.92%;--awb-width-medium:100%;--awb-order-medium:0;--awb-spacing-right-medium:1.92%;--awb-spacing-left-medium:1.92%;--awb-width-small:100%;--awb-order-small:0;--awb-spacing-right-small:1.92%;--awb-spacing-left-small:1.92%;\"><div class=\"fusion-column-wrapper fusion-column-has-shadow fusion-flex-justify-content-flex-start fusion-content-layout-column\"><div class=\"fusion-title title fusion-title-1 fusion-title-text fusion-title-size-one\"><div class=\"title-sep-container title-sep-container-left fusion-no-large-visibility fusion-no-medium-visibility fusion-no-small-visibility\"><div class=\"title-sep sep- sep-solid\" style=\"border-color:var(--awb-color3);\"><\/div><\/div><span class=\"awb-title-spacer fusion-no-large-visibility fusion-no-medium-visibility fusion-no-small-visibility\"><\/span><h1 class=\"fusion-title-heading title-heading-left fusion-responsive-typography-calculated\" style=\"margin:0;text-transform:capitalize;--fontSize:40;line-height:1.2;\">Legal merkmal<\/h1><span class=\"awb-title-spacer\"><\/span><div class=\"title-sep-container title-sep-container-right\"><div class=\"title-sep sep- sep-solid\" style=\"border-color:var(--awb-color3);\"><\/div><\/div><\/div><div class=\"fusion-text fusion-text-1\"><p><strong>M.T.S. Srl<\/strong><\/p>\n<p>Via Alessandro Volta, 5 25050 Provaglio d\u2019Iseo (BS) \u2013 Italy<\/p>\n<p>Handelsregister: BRESCIA Nummer 337401<\/p>\n<p>Voll eingezahlte Grundkapital gezahlt: \u20ac 113.477,36 \u20ac i.v.<\/p>\n<h2><strong>Bedingungen<\/strong><\/h2>\n<p>Die nachfolgenden Bedingungen beziehen sich auf die italienische Internetseite\u00a0<a href=\"https:\/\/www.mts-italy.com\/\">www.mts-italy.com<\/a>. Durch den Zugang und das Surfen auf diesen Seiten werden auch automatisch diese Bedingungen akzeptiert.<\/p>\n<p>Der Inhalt dieser Internetseiten ist urheberrechtlich gesch\u00fctzt und er darf in keiner Weise reproduziert oder f\u00fcr andere Zwecke ohne die vorhergehende ausdr\u00fcckliche schriftliche Genehmigung seitens M.T.S. Srl verwendet werden.<\/p>\n<p>Der in den Internetseiten angezeigte Text kann f\u00fcr pers\u00f6nliche und nicht kommerzielle Zwecke ausgedruckt oder heruntergeladen werden, einschlie\u00dflich aber nicht einschr\u00e4nkend der Struktur, der Stile und der Programmcodes.<\/p>\n<p>M.T.S. Srl lehnt jede Haftung f\u00fcr eventuell in den Internetseiten <a href=\"https:\/\/www.mts-italy.com\/\">www.mts-italy.com<\/a>. Vorhandenen Fehlern oder M\u00e4ngel ab. Das Design, die Spezifikationen sowie die Preise k\u00f6nnen jederzeit, ohne die Pflicht einer Vorank\u00fcndigung, ge\u00e4ndert werden.<\/p>\n<\/div><\/div><\/div><\/div><\/div>\n","protected":false},"excerpt":{"rendered":"","protected":false},"author":2,"featured_media":0,"parent":0,"menu_order":0,"comment_status":"closed","ping_status":"closed","template":"","meta":{"_acf_changed":false,"_monsterinsights_skip_tracking":false,"_monsterinsights_sitenote_active":false,"_monsterinsights_sitenote_note":"","_monsterinsights_sitenote_category":0,"footnotes":""},"class_list":["post-5573","page","type-page","status-publish","hentry"],"acf":[],"yoast_head":"<!-- This site is optimized with the Yoast SEO plugin v23.1 - https:\/\/yoast.com\/wordpress\/plugins\/seo\/ -->\n<title>Legal merkmal - MTS Italy<\/title>\n<meta name=\"robots\" content=\"index, follow, max-snippet:-1, max-image-preview:large, max-video-preview:-1\" \/>\n<link rel=\"canonical\" href=\"https:\/\/www.mts-italy.com\/de\/legal-merkmal\/\" \/>\n<meta property=\"og:locale\" content=\"de_DE\" \/>\n<meta property=\"og:type\" content=\"article\" \/>\n<meta property=\"og:title\" content=\"Legal merkmal - MTS Italy\" \/>\n<meta property=\"og:url\" content=\"https:\/\/www.mts-italy.com\/de\/legal-merkmal\/\" \/>\n<meta property=\"og:site_name\" content=\"MTS Italy\" \/>\n<meta property=\"article:modified_time\" content=\"2022-12-02T13:56:55+00:00\" \/>\n<meta name=\"twitter:card\" content=\"summary_large_image\" \/>\n<meta name=\"twitter:label1\" content=\"Gesch\u00e4tzte Lesezeit\" \/>\n\t<meta name=\"twitter:data1\" content=\"5 Minuten\" \/>\n<script type=\"application\/ld+json\" class=\"yoast-schema-graph\">{\"@context\":\"https:\/\/schema.org\",\"@graph\":[{\"@type\":\"WebPage\",\"@id\":\"https:\/\/www.mts-italy.com\/de\/legal-merkmal\/\",\"url\":\"https:\/\/www.mts-italy.com\/de\/legal-merkmal\/\",\"name\":\"Legal merkmal - MTS Italy\",\"isPartOf\":{\"@id\":\"https:\/\/mtsitaly.kinsta.cloud\/#website\"},\"datePublished\":\"2022-08-04T13:40:09+00:00\",\"dateModified\":\"2022-12-02T13:56:55+00:00\",\"breadcrumb\":{\"@id\":\"https:\/\/www.mts-italy.com\/de\/legal-merkmal\/#breadcrumb\"},\"inLanguage\":\"de-DE\",\"potentialAction\":[{\"@type\":\"ReadAction\",\"target\":[\"https:\/\/www.mts-italy.com\/de\/legal-merkmal\/\"]}]},{\"@type\":\"BreadcrumbList\",\"@id\":\"https:\/\/www.mts-italy.com\/de\/legal-merkmal\/#breadcrumb\",\"itemListElement\":[{\"@type\":\"ListItem\",\"position\":1,\"name\":\"Home\",\"item\":\"https:\/\/www.mts-italy.com\/de\/\"},{\"@type\":\"ListItem\",\"position\":2,\"name\":\"Legal merkmal\"}]},{\"@type\":\"WebSite\",\"@id\":\"https:\/\/mtsitaly.kinsta.cloud\/#website\",\"url\":\"https:\/\/mtsitaly.kinsta.cloud\/\",\"name\":\"MTS Italy\",\"description\":\"Realizzazione macchine per la lavorazione del tubo\",\"potentialAction\":[{\"@type\":\"SearchAction\",\"target\":{\"@type\":\"EntryPoint\",\"urlTemplate\":\"https:\/\/mtsitaly.kinsta.cloud\/?s={search_term_string}\"},\"query-input\":\"required name=search_term_string\"}],\"inLanguage\":\"de-DE\"}]}<\/script>\n<!-- \/ Yoast SEO plugin. -->","yoast_head_json":{"title":"Legal merkmal - MTS Italy","robots":{"index":"index","follow":"follow","max-snippet":"max-snippet:-1","max-image-preview":"max-image-preview:large","max-video-preview":"max-video-preview:-1"},"canonical":"https:\/\/www.mts-italy.com\/de\/legal-merkmal\/","og_locale":"de_DE","og_type":"article","og_title":"Legal merkmal - MTS Italy","og_url":"https:\/\/www.mts-italy.com\/de\/legal-merkmal\/","og_site_name":"MTS Italy","article_modified_time":"2022-12-02T13:56:55+00:00","twitter_card":"summary_large_image","twitter_misc":{"Gesch\u00e4tzte Lesezeit":"5 Minuten"},"schema":{"@context":"https:\/\/schema.org","@graph":[{"@type":"WebPage","@id":"https:\/\/www.mts-italy.com\/de\/legal-merkmal\/","url":"https:\/\/www.mts-italy.com\/de\/legal-merkmal\/","name":"Legal merkmal - MTS Italy","isPartOf":{"@id":"https:\/\/mtsitaly.kinsta.cloud\/#website"},"datePublished":"2022-08-04T13:40:09+00:00","dateModified":"2022-12-02T13:56:55+00:00","breadcrumb":{"@id":"https:\/\/www.mts-italy.com\/de\/legal-merkmal\/#breadcrumb"},"inLanguage":"de-DE","potentialAction":[{"@type":"ReadAction","target":["https:\/\/www.mts-italy.com\/de\/legal-merkmal\/"]}]},{"@type":"BreadcrumbList","@id":"https:\/\/www.mts-italy.com\/de\/legal-merkmal\/#breadcrumb","itemListElement":[{"@type":"ListItem","position":1,"name":"Home","item":"https:\/\/www.mts-italy.com\/de\/"},{"@type":"ListItem","position":2,"name":"Legal merkmal"}]},{"@type":"WebSite","@id":"https:\/\/mtsitaly.kinsta.cloud\/#website","url":"https:\/\/mtsitaly.kinsta.cloud\/","name":"MTS Italy","description":"Realizzazione macchine per la lavorazione del tubo","potentialAction":[{"@type":"SearchAction","target":{"@type":"EntryPoint","urlTemplate":"https:\/\/mtsitaly.kinsta.cloud\/?s={search_term_string}"},"query-input":"required name=search_term_string"}],"inLanguage":"de-DE"}]}},"publishpress_future_action":{"enabled":false,"date":"2026-05-13 15:08:32","action":"change-status","newStatus":"draft","terms":[],"taxonomy":"translation_priority"},"_links":{"self":[{"href":"https:\/\/www.mts-italy.com\/de\/wp-json\/wp\/v2\/pages\/5573"}],"collection":[{"href":"https:\/\/www.mts-italy.com\/de\/wp-json\/wp\/v2\/pages"}],"about":[{"href":"https:\/\/www.mts-italy.com\/de\/wp-json\/wp\/v2\/types\/page"}],"author":[{"embeddable":true,"href":"https:\/\/www.mts-italy.com\/de\/wp-json\/wp\/v2\/users\/2"}],"replies":[{"embeddable":true,"href":"https:\/\/www.mts-italy.com\/de\/wp-json\/wp\/v2\/comments?post=5573"}],"version-history":[{"count":6,"href":"https:\/\/www.mts-italy.com\/de\/wp-json\/wp\/v2\/pages\/5573\/revisions"}],"predecessor-version":[{"id":7081,"href":"https:\/\/www.mts-italy.com\/de\/wp-json\/wp\/v2\/pages\/5573\/revisions\/7081"}],"wp:attachment":[{"href":"https:\/\/www.mts-italy.com\/de\/wp-json\/wp\/v2\/media?parent=5573"}],"curies":[{"name":"wp","href":"https:\/\/api.w.org\/{rel}","templated":true}]}}